{"id":804,"date":"2024-06-21T15:13:09","date_gmt":"2024-06-21T15:13:09","guid":{"rendered":"https:\/\/healthworkforce.ca\/emploi\/"},"modified":"2026-02-25T20:18:12","modified_gmt":"2026-02-25T20:18:12","slug":"emploi","status":"publish","type":"page","link":"https:\/\/healthworkforce.ca\/fr\/tableaux-de-bord\/coup-doeil-sur-leffectif\/emploi\/","title":{"rendered":"Emploi"},"content":{"rendered":"\t\t<div data-elementor-type=\"wp-page\" data-elementor-id=\"804\" class=\"elementor elementor-804 elementor-678\" data-elementor-post-type=\"page\">\n\t\t\t\t<div class=\"elementor-element elementor-element-0e95673 e-flex e-con-boxed e-con e-parent\" data-id=\"0e95673\" data-element_type=\"container\">\n\t\t\t\t\t<div class=\"e-con-inner\">\n\t\t<div class=\"elementor-element elementor-element-aadc63d e-con-full e-flex e-con e-child\" data-id=\"aadc63d\" data-element_type=\"container\">\n\t\t\t\t<div class=\"elementor-element elementor-element-38e74f0 elementor-icon-list--layout-traditional elementor-list-item-link-full_width elementor-widget elementor-widget-icon-list\" data-id=\"38e74f0\" data-element_type=\"widget\" data-widget_type=\"icon-list.default\">\n\t\t\t\t<div class=\"elementor-widget-container\">\n\t\t\t\t\t\t\t<ul class=\"elementor-icon-list-items\">\n\t\t\t\t\t\t\t<li class=\"elementor-icon-list-item\">\n\t\t\t\t\t\t\t\t\t\t\t<a href=\"\/fr\/tableaux-de-bord\/coup-doeil-sur-leffectif\/\">\n\n\t\t\t\t\t\t\t\t\t\t\t\t<span class=\"elementor-icon-list-icon\">\n\t\t\t\t\t\t\t<svg aria-hidden=\"true\" class=\"e-font-icon-svg e-fas-arrow-left\" viewBox=\"0 0 448 512\" xmlns=\"http:\/\/www.w3.org\/2000\/svg\"><path d=\"M257.5 445.1l-22.2 22.2c-9.4 9.4-24.6 9.4-33.9 0L7 273c-9.4-9.4-9.4-24.6 0-33.9L201.4 44.7c9.4-9.4 24.6-9.4 33.9 0l22.2 22.2c9.5 9.5 9.3 25-.4 34.3L136.6 216H424c13.3 0 24 10.7 24 24v32c0 13.3-10.7 24-24 24H136.6l120.5 114.8c9.8 9.3 10 24.8.4 34.3z\"><\/path><\/svg>\t\t\t\t\t\t<\/span>\n\t\t\t\t\t\t\t\t\t\t<span class=\"elementor-icon-list-text\">Coup d\u2019\u0153il sur l\u2019effectif<\/span>\n\t\t\t\t\t\t\t\t\t\t\t<\/a>\n\t\t\t\t\t\t\t\t\t<\/li>\n\t\t\t\t\t\t<\/ul>\n\t\t\t\t\t\t<\/div>\n\t\t\t\t<\/div>\n\t\t\t\t<\/div>\n\t\t\t\t\t<\/div>\n\t\t\t\t<\/div>\n\t\t<div class=\"elementor-element elementor-element-6644e34 e-flex e-con-boxed e-con e-parent\" data-id=\"6644e34\" data-element_type=\"container\">\n\t\t\t\t\t<div class=\"e-con-inner\">\n\t\t<div class=\"elementor-element elementor-element-b3f1c37 e-con-full e-flex e-con e-child\" data-id=\"b3f1c37\" data-element_type=\"container\">\n\t\t\t\t<div class=\"elementor-element elementor-element-1455ab5 elementor-widget elementor-widget-heading\" data-id=\"1455ab5\" data-element_type=\"widget\" data-widget_type=\"heading.default\">\n\t\t\t\t<div class=\"elementor-widget-container\">\n\t\t\t\t\t<h2 class=\"elementor-heading-title elementor-size-default\">Emploi<\/h2>\t\t\t\t<\/div>\n\t\t\t\t<\/div>\n\t\t\t\t<\/div>\n\t\t<div class=\"elementor-element elementor-element-23aebae e-con-full elementor-hidden-tablet elementor-hidden-mobile e-flex e-con e-child\" data-id=\"23aebae\" data-element_type=\"container\">\n\t\t\t\t<div class=\"elementor-element elementor-element-77efda1 elementor-align-right elementor-widget elementor-widget-button\" data-id=\"77efda1\" data-element_type=\"widget\" data-widget_type=\"button.default\">\n\t\t\t\t<div class=\"elementor-widget-container\">\n\t\t\t\t\t\t\t\t\t<div class=\"elementor-button-wrapper\">\n\t\t\t\t\t<a class=\"elementor-button elementor-button-link elementor-size-sm\" href=\"\/fr\/tableaux-de-bord\/donner-son-avis\/\">\n\t\t\t\t\t\t<span class=\"elementor-button-content-wrapper\">\n\t\t\t\t\t\t<span class=\"elementor-button-icon\">\n\t\t\t\t<svg aria-hidden=\"true\" class=\"e-font-icon-svg e-far-comment\" viewBox=\"0 0 512 512\" xmlns=\"http:\/\/www.w3.org\/2000\/svg\"><path d=\"M256 32C114.6 32 0 125.1 0 240c0 47.6 19.9 91.2 52.9 126.3C38 405.7 7 439.1 6.5 439.5c-6.6 7-8.4 17.2-4.6 26S14.4 480 24 480c61.5 0 110-25.7 139.1-46.3C192 442.8 223.2 448 256 448c141.4 0 256-93.1 256-208S397.4 32 256 32zm0 368c-26.7 0-53.1-4.1-78.4-12.1l-22.7-7.2-19.5 13.8c-14.3 10.1-33.9 21.4-57.5 29 7.3-12.1 14.4-25.7 19.9-40.2l10.6-28.1-20.6-21.8C69.7 314.1 48 282.2 48 240c0-88.2 93.3-160 208-160s208 71.8 208 160-93.3 160-208 160z\"><\/path><\/svg>\t\t\t<\/span>\n\t\t\t\t\t\t\t\t\t<span class=\"elementor-button-text\">Donner son avis<\/span>\n\t\t\t\t\t<\/span>\n\t\t\t\t\t<\/a>\n\t\t\t\t<\/div>\n\t\t\t\t\t\t\t\t<\/div>\n\t\t\t\t<\/div>\n\t\t\t\t<\/div>\n\t\t\t\t\t<\/div>\n\t\t\t\t<\/div>\n\t\t<div class=\"elementor-element elementor-element-25c84f2 e-flex e-con-boxed e-con e-parent\" data-id=\"25c84f2\" data-element_type=\"container\">\n\t\t\t\t\t<div class=\"e-con-inner\">\n\t\t<div class=\"elementor-element elementor-element-ed1ea42 e-con-full e-flex e-con e-child\" data-id=\"ed1ea42\" data-element_type=\"container\">\n\t\t\t\t<div class=\"elementor-element elementor-element-554bab9 elementor-widget elementor-widget-text-editor\" data-id=\"554bab9\" data-element_type=\"widget\" data-widget_type=\"text-editor.default\">\n\t\t\t\t<div class=\"elementor-widget-container\">\n\t\t\t\t\t\t\t\t\t<p><span data-contrast=\"auto\">Dans ce sous-module, les visualisations interactives s\u2019appuient sur les donn\u00e9es r\u00e9glementaires relatives \u00e0 la profession et \u00e0 la situation financi\u00e8re des h\u00f4pitaux communiqu\u00e9es \u00e0 l\u2019<\/span><a href=\"https:\/\/www.cihi.ca\/fr\"><span data-contrast=\"none\">ICIS<\/span><\/a><span data-contrast=\"auto\"> ainsi que des informations sur les postes vacants aupr\u00e8s <\/span><a href=\"https:\/\/www.statcan.gc.ca\/fr\/debut\"><span data-contrast=\"none\">Statistique Canada<\/span><\/a><span data-contrast=\"auto\">.<\/span><span data-ccp-props=\"{&quot;201341983&quot;:0,&quot;335559685&quot;:720,&quot;335559739&quot;:160,&quot;335559740&quot;:279}\">\u00a0<\/span><\/p><p><span data-contrast=\"auto\">Les utilisateurs peuvent consulter les tendances en mati\u00e8re d\u2019emploi, les d\u00e9fis sur le plan de la capacit\u00e9 et la dotation en personnel de la sant\u00e9 dans les contextes pour lesquels des donn\u00e9es sont fournies.<\/span><span data-ccp-props=\"{&quot;201341983&quot;:0,&quot;335559685&quot;:720,&quot;335559739&quot;:160,&quot;335559740&quot;:279}\">\u00a0<\/span><\/p><p><span lang=\"EN-US\" xml:lang=\"EN-US\" data-contrast=\"auto\">Vous <\/span><span lang=\"EN-US\" xml:lang=\"EN-US\" data-contrast=\"auto\">avez<\/span><span lang=\"EN-US\" xml:lang=\"EN-US\" data-contrast=\"auto\"> des questions <\/span><span lang=\"EN-US\" xml:lang=\"EN-US\" data-contrast=\"auto\">ou<\/span> <span lang=\"EN-US\" xml:lang=\"EN-US\" data-contrast=\"auto\">vous<\/span> <span lang=\"EN-US\" xml:lang=\"EN-US\" data-contrast=\"auto\">cherchez<\/span><span lang=\"EN-US\" xml:lang=\"EN-US\" data-contrast=\"auto\"> des <\/span><span lang=\"EN-US\" xml:lang=\"EN-US\" data-contrast=\"auto\">informations<\/span><span lang=\"EN-US\" xml:lang=\"EN-US\" data-contrast=\"auto\"> sur <\/span><span lang=\"EN-US\" xml:lang=\"EN-US\" data-contrast=\"auto\">l&#8217;utilisation<\/span><span lang=\"EN-US\" xml:lang=\"EN-US\" data-contrast=\"auto\"> de <\/span><span lang=\"EN-US\" xml:lang=\"EN-US\" data-contrast=\"auto\">ces<\/span><span lang=\"EN-US\" xml:lang=\"EN-US\" data-contrast=\"auto\"> tableaux de <\/span><span lang=\"EN-US\" xml:lang=\"EN-US\" data-contrast=\"auto\">bord ?<\/span> <span lang=\"EN-US\" xml:lang=\"EN-US\" data-contrast=\"auto\">Consultez<\/span><span lang=\"EN-US\" xml:lang=\"EN-US\" data-contrast=\"auto\"> l<\/span><span lang=\"EN-US\" xml:lang=\"EN-US\" data-contrast=\"auto\">es <\/span><a href=\"\/fr\/questions-frequentes\/\"><span lang=\"EN-US\" xml:lang=\"EN-US\" data-contrast=\"auto\">questions <\/span><span lang=\"EN-US\" xml:lang=\"EN-US\" data-contrast=\"auto\">fr<\/span><span lang=\"EN-US\" xml:lang=\"EN-US\" data-contrast=\"auto\">\u00e9<\/span><span lang=\"EN-US\" xml:lang=\"EN-US\" data-contrast=\"auto\">quentes<\/span><\/a> <span lang=\"EN-US\" xml:lang=\"EN-US\" data-contrast=\"auto\">ou<\/span> <span lang=\"EN-US\" xml:lang=\"EN-US\" data-contrast=\"auto\">lancez<\/span><span lang=\"EN-US\" xml:lang=\"EN-US\" data-contrast=\"auto\"> le <\/span><span lang=\"EN-US\" xml:lang=\"EN-US\" data-contrast=\"auto\">tutoriel<\/span> <span lang=\"EN-US\" xml:lang=\"EN-US\" data-contrast=\"auto\">guid\u00e9<\/span><span lang=\"EN-US\" xml:lang=\"EN-US\" data-contrast=\"auto\">.<\/span><span data-ccp-props=\"{&quot;201341983&quot;:0,&quot;335559685&quot;:720,&quot;335559739&quot;:160,&quot;335559740&quot;:279}\">\u00a0<\/span><\/p><p><em>Pour un fonctionnement optimal, nous recommandons d\u2019utiliser cette plateforme sur un navigateur Web plut\u00f4t que sur un appareil mobile.<\/em><\/p>\t\t\t\t\t\t\t\t<\/div>\n\t\t\t\t<\/div>\n\t\t\t\t<\/div>\n\t\t<div class=\"elementor-element elementor-element-ae3bb60 e-con-full e-flex e-con e-child\" data-id=\"ae3bb60\" data-element_type=\"container\">\n\t\t\t\t<\/div>\n\t\t\t\t\t<\/div>\n\t\t\t\t<\/div>\n\t\t<div class=\"elementor-element elementor-element-f207fde elementor-hidden-desktop elementor-hidden-laptop e-flex e-con-boxed e-con e-parent\" data-id=\"f207fde\" data-element_type=\"container\">\n\t\t\t\t\t<div class=\"e-con-inner\">\n\t\t\t\t<div class=\"elementor-element elementor-element-a134c57 elementor-align-center elementor-widget elementor-widget-button\" data-id=\"a134c57\" data-element_type=\"widget\" data-widget_type=\"button.default\">\n\t\t\t\t<div class=\"elementor-widget-container\">\n\t\t\t\t\t\t\t\t\t<div class=\"elementor-button-wrapper\">\n\t\t\t\t\t<a class=\"elementor-button elementor-button-link elementor-size-sm\" href=\"\/dashboard-feedback\">\n\t\t\t\t\t\t<span class=\"elementor-button-content-wrapper\">\n\t\t\t\t\t\t<span class=\"elementor-button-icon\">\n\t\t\t\t<svg aria-hidden=\"true\" class=\"e-font-icon-svg e-far-comment\" viewBox=\"0 0 512 512\" xmlns=\"http:\/\/www.w3.org\/2000\/svg\"><path d=\"M256 32C114.6 32 0 125.1 0 240c0 47.6 19.9 91.2 52.9 126.3C38 405.7 7 439.1 6.5 439.5c-6.6 7-8.4 17.2-4.6 26S14.4 480 24 480c61.5 0 110-25.7 139.1-46.3C192 442.8 223.2 448 256 448c141.4 0 256-93.1 256-208S397.4 32 256 32zm0 368c-26.7 0-53.1-4.1-78.4-12.1l-22.7-7.2-19.5 13.8c-14.3 10.1-33.9 21.4-57.5 29 7.3-12.1 14.4-25.7 19.9-40.2l10.6-28.1-20.6-21.8C69.7 314.1 48 282.2 48 240c0-88.2 93.3-160 208-160s208 71.8 208 160-93.3 160-208 160z\"><\/path><\/svg>\t\t\t<\/span>\n\t\t\t\t\t\t\t\t\t<span class=\"elementor-button-text\">Donner son avis<\/span>\n\t\t\t\t\t<\/span>\n\t\t\t\t\t<\/a>\n\t\t\t\t<\/div>\n\t\t\t\t\t\t\t\t<\/div>\n\t\t\t\t<\/div>\n\t\t\t\t\t<\/div>\n\t\t\t\t<\/div>\n\t\t<div class=\"elementor-element elementor-element-3f06363 e-flex e-con-boxed e-con e-parent\" data-id=\"3f06363\" data-element_type=\"container\">\n\t\t\t\t\t<div class=\"e-con-inner\">\n\t\t\t\t<div class=\"elementor-element elementor-element-ceed524 elementor-widget elementor-widget-html\" data-id=\"ceed524\" data-element_type=\"widget\" data-widget_type=\"html.default\">\n\t\t\t\t<div class=\"elementor-widget-container\">\n\t\t\t\t\t<div id=\"quicksight-container\"><\/div>\n<script src=\"https:\/\/unpkg.com\/amazon-quicksight-embedding-sdk@2.7.0\/dist\/quicksight-embedding-js-sdk.min.js\"><\/script>\n<script type=\"text\/javascript\">\n    const embedDashboard = async(dashboardId) => {\n        const {\n            createEmbeddingContext,\n        } = QuickSightEmbedding;\n \n        const embeddingContext = await createEmbeddingContext();\n \n        const frameOptions = {\n            url: dashboardId,\n            container: '#quicksight-container',\n            width: \"990px\",\n            height: \"1700px\",\n            resizeHeightOnSizeChangedEvent: true,\n        };\n \n        const contentOptions = {\n            parameters: [\n                {\n                    Name: 'Language',\n                    Values: [\n                        'fr'\n                    ],\n                }\n            ],\n            locale: \"fr-FR\",\n            toolbarOptions: {\n                export: true,\n                undoRedo: true,\n                reset: true\n            },\n        };\n        const embeddedDashboardExperience = await embeddingContext.embedDashboard(frameOptions, contentOptions);\n    };\n    window.onload = function() {\n        \/\/ var dashboardId = '65dea119-2025-47c8-a36f-8db79825deb9'; \/\/ replace with your desired dashboard ID\n        \/\/ var dashboardId = 'f59a556f-06de-4c83-b4a7-9818067fbdc7';\n        var dashboardId = 'c3107c01-6a52-4fd0-902f-88e4e16a4949'; \/\/ updated on Feb-25-2026\n        var randomParam = Math.floor(Math.random() * 1000000000); \/\/ generate a random number\n        var url = '\/wp-content\/plugins\/quicksight\/dashboard_url_dev.php?dashboard_id=' + dashboardId + '&random=' + randomParam;\n \n        fetch(url)\n        .then(response => response.json())\n        .then(data => {\n          var embedUrl = data.embedUrl;\n          console.log(embedUrl);\n          embedDashboard(embedUrl);\n        })\n        .catch(error => console.error('Error fetching dashboardId:', dashboardId, error));\n    };\n<\/script>\t\t\t\t<\/div>\n\t\t\t\t<\/div>\n\t\t\t\t\t<\/div>\n\t\t\t\t<\/div>\n\t\t\t\t<\/div>\n\t\t","protected":false},"excerpt":{"rendered":"<p>Coup d\u2019\u0153il sur l\u2019effectif Emploi Donner son avis Dans ce sous-module, les visualisations interactives s\u2019appuient sur les donn\u00e9es r\u00e9glementaires relatives \u00e0 la profession et \u00e0 la situation financi\u00e8re des h\u00f4pitaux communiqu\u00e9es \u00e0 l\u2019ICIS ainsi que des informations sur les postes vacants aupr\u00e8s Statistique Canada.\u00a0 Les utilisateurs peuvent consulter les tendances en mati\u00e8re d\u2019emploi, les d\u00e9fis [&hellip;]<\/p>\n","protected":false},"author":2,"featured_media":0,"parent":805,"menu_order":0,"comment_status":"closed","ping_status":"closed","template":"","meta":{"_acf_changed":false,"footnotes":""},"class_list":["post-804","page","type-page","status-publish","hentry"],"acf":[],"yoast_head":"<!-- This site is optimized with the Yoast SEO plugin v26.0 - https:\/\/yoast.com\/wordpress\/plugins\/seo\/ -->\n<title>Emploi - Health Workforce Canada<\/title>\n<meta name=\"robots\" content=\"index, follow, max-snippet:-1, max-image-preview:large, max-video-preview:-1\" \/>\n<link rel=\"canonical\" href=\"https:\/\/healthworkforce.ca\/fr\/tableaux-de-bord\/coup-doeil-sur-leffectif\/emploi\/\" \/>\n<meta property=\"og:locale\" content=\"fr_FR\" \/>\n<meta property=\"og:type\" content=\"article\" \/>\n<meta property=\"og:title\" content=\"Emploi - Health Workforce Canada\" \/>\n<meta property=\"og:description\" content=\"Coup d\u2019\u0153il sur l\u2019effectif Emploi Donner son avis Dans ce sous-module, les visualisations interactives s\u2019appuient sur les donn\u00e9es r\u00e9glementaires relatives \u00e0 la profession et \u00e0 la situation financi\u00e8re des h\u00f4pitaux communiqu\u00e9es \u00e0 l\u2019ICIS ainsi que des informations sur les postes vacants aupr\u00e8s Statistique Canada.\u00a0 Les utilisateurs peuvent consulter les tendances en mati\u00e8re d\u2019emploi, les d\u00e9fis [&hellip;]\" \/>\n<meta property=\"og:url\" content=\"https:\/\/healthworkforce.ca\/fr\/tableaux-de-bord\/coup-doeil-sur-leffectif\/emploi\/\" \/>\n<meta property=\"og:site_name\" content=\"Health Workforce Canada\" \/>\n<meta property=\"article:modified_time\" content=\"2026-02-25T20:18:12+00:00\" \/>\n<meta name=\"twitter:card\" content=\"summary_large_image\" \/>\n<meta name=\"twitter:label1\" content=\"Dur\u00e9e de lecture estim\u00e9e\" \/>\n\t<meta name=\"twitter:data1\" content=\"1 minute\" \/>\n<script type=\"application\/ld+json\" class=\"yoast-schema-graph\">{\"@context\":\"https:\/\/schema.org\",\"@graph\":[{\"@type\":\"WebPage\",\"@id\":\"https:\/\/healthworkforce.ca\/fr\/tableaux-de-bord\/coup-doeil-sur-leffectif\/emploi\/\",\"url\":\"https:\/\/healthworkforce.ca\/fr\/tableaux-de-bord\/coup-doeil-sur-leffectif\/emploi\/\",\"name\":\"Emploi - Health Workforce Canada\",\"isPartOf\":{\"@id\":\"https:\/\/healthworkforce.ca\/fr\/#website\"},\"datePublished\":\"2024-06-21T15:13:09+00:00\",\"dateModified\":\"2026-02-25T20:18:12+00:00\",\"breadcrumb\":{\"@id\":\"https:\/\/healthworkforce.ca\/fr\/tableaux-de-bord\/coup-doeil-sur-leffectif\/emploi\/#breadcrumb\"},\"inLanguage\":\"fr-FR\",\"potentialAction\":[{\"@type\":\"ReadAction\",\"target\":[\"https:\/\/healthworkforce.ca\/fr\/tableaux-de-bord\/coup-doeil-sur-leffectif\/emploi\/\"]}]},{\"@type\":\"BreadcrumbList\",\"@id\":\"https:\/\/healthworkforce.ca\/fr\/tableaux-de-bord\/coup-doeil-sur-leffectif\/emploi\/#breadcrumb\",\"itemListElement\":[{\"@type\":\"ListItem\",\"position\":1,\"name\":\"Coup d\u2019\u0153il sur l\u2019effectif\",\"item\":\"https:\/\/healthworkforce.ca\/fr\/dashboards\/workforce-in-view\/\"},{\"@type\":\"ListItem\",\"position\":2,\"name\":\"Emploi\"}]},{\"@type\":\"WebSite\",\"@id\":\"https:\/\/healthworkforce.ca\/fr\/#website\",\"url\":\"https:\/\/healthworkforce.ca\/fr\/\",\"name\":\"Health Workforce Canada\",\"description\":\"\",\"publisher\":{\"@id\":\"https:\/\/healthworkforce.ca\/fr\/#organization\"},\"potentialAction\":[{\"@type\":\"SearchAction\",\"target\":{\"@type\":\"EntryPoint\",\"urlTemplate\":\"https:\/\/healthworkforce.ca\/fr\/?s={search_term_string}\"},\"query-input\":{\"@type\":\"PropertyValueSpecification\",\"valueRequired\":true,\"valueName\":\"search_term_string\"}}],\"inLanguage\":\"fr-FR\"},{\"@type\":\"Organization\",\"@id\":\"https:\/\/healthworkforce.ca\/fr\/#organization\",\"name\":\"Health Workforce Canada\",\"url\":\"https:\/\/healthworkforce.ca\/fr\/\",\"logo\":{\"@type\":\"ImageObject\",\"inLanguage\":\"fr-FR\",\"@id\":\"https:\/\/healthworkforce.ca\/fr\/#\/schema\/logo\/image\/\",\"url\":\"https:\/\/healthworkforce.ca\/wp-content\/uploads\/2024\/06\/HWC-logo.svg\",\"contentUrl\":\"https:\/\/healthworkforce.ca\/wp-content\/uploads\/2024\/06\/HWC-logo.svg\",\"width\":1871,\"height\":344,\"caption\":\"Health Workforce Canada\"},\"image\":{\"@id\":\"https:\/\/healthworkforce.ca\/fr\/#\/schema\/logo\/image\/\"},\"sameAs\":[\"https:\/\/www.linkedin.com\/company\/health-workforce-canada\/\"]}]}<\/script>\n<!-- \/ Yoast SEO plugin. -->","yoast_head_json":{"title":"Emploi - Health Workforce Canada","robots":{"index":"index","follow":"follow","max-snippet":"max-snippet:-1","max-image-preview":"max-image-preview:large","max-video-preview":"max-video-preview:-1"},"canonical":"https:\/\/healthworkforce.ca\/fr\/tableaux-de-bord\/coup-doeil-sur-leffectif\/emploi\/","og_locale":"fr_FR","og_type":"article","og_title":"Emploi - Health Workforce Canada","og_description":"Coup d\u2019\u0153il sur l\u2019effectif Emploi Donner son avis Dans ce sous-module, les visualisations interactives s\u2019appuient sur les donn\u00e9es r\u00e9glementaires relatives \u00e0 la profession et \u00e0 la situation financi\u00e8re des h\u00f4pitaux communiqu\u00e9es \u00e0 l\u2019ICIS ainsi que des informations sur les postes vacants aupr\u00e8s Statistique Canada.\u00a0 Les utilisateurs peuvent consulter les tendances en mati\u00e8re d\u2019emploi, les d\u00e9fis [&hellip;]","og_url":"https:\/\/healthworkforce.ca\/fr\/tableaux-de-bord\/coup-doeil-sur-leffectif\/emploi\/","og_site_name":"Health Workforce Canada","article_modified_time":"2026-02-25T20:18:12+00:00","twitter_card":"summary_large_image","twitter_misc":{"Dur\u00e9e de lecture estim\u00e9e":"1 minute"},"schema":{"@context":"https:\/\/schema.org","@graph":[{"@type":"WebPage","@id":"https:\/\/healthworkforce.ca\/fr\/tableaux-de-bord\/coup-doeil-sur-leffectif\/emploi\/","url":"https:\/\/healthworkforce.ca\/fr\/tableaux-de-bord\/coup-doeil-sur-leffectif\/emploi\/","name":"Emploi - Health Workforce Canada","isPartOf":{"@id":"https:\/\/healthworkforce.ca\/fr\/#website"},"datePublished":"2024-06-21T15:13:09+00:00","dateModified":"2026-02-25T20:18:12+00:00","breadcrumb":{"@id":"https:\/\/healthworkforce.ca\/fr\/tableaux-de-bord\/coup-doeil-sur-leffectif\/emploi\/#breadcrumb"},"inLanguage":"fr-FR","potentialAction":[{"@type":"ReadAction","target":["https:\/\/healthworkforce.ca\/fr\/tableaux-de-bord\/coup-doeil-sur-leffectif\/emploi\/"]}]},{"@type":"BreadcrumbList","@id":"https:\/\/healthworkforce.ca\/fr\/tableaux-de-bord\/coup-doeil-sur-leffectif\/emploi\/#breadcrumb","itemListElement":[{"@type":"ListItem","position":1,"name":"Coup d\u2019\u0153il sur l\u2019effectif","item":"https:\/\/healthworkforce.ca\/fr\/dashboards\/workforce-in-view\/"},{"@type":"ListItem","position":2,"name":"Emploi"}]},{"@type":"WebSite","@id":"https:\/\/healthworkforce.ca\/fr\/#website","url":"https:\/\/healthworkforce.ca\/fr\/","name":"Health Workforce Canada","description":"","publisher":{"@id":"https:\/\/healthworkforce.ca\/fr\/#organization"},"potentialAction":[{"@type":"SearchAction","target":{"@type":"EntryPoint","urlTemplate":"https:\/\/healthworkforce.ca\/fr\/?s={search_term_string}"},"query-input":{"@type":"PropertyValueSpecification","valueRequired":true,"valueName":"search_term_string"}}],"inLanguage":"fr-FR"},{"@type":"Organization","@id":"https:\/\/healthworkforce.ca\/fr\/#organization","name":"Health Workforce Canada","url":"https:\/\/healthworkforce.ca\/fr\/","logo":{"@type":"ImageObject","inLanguage":"fr-FR","@id":"https:\/\/healthworkforce.ca\/fr\/#\/schema\/logo\/image\/","url":"https:\/\/healthworkforce.ca\/wp-content\/uploads\/2024\/06\/HWC-logo.svg","contentUrl":"https:\/\/healthworkforce.ca\/wp-content\/uploads\/2024\/06\/HWC-logo.svg","width":1871,"height":344,"caption":"Health Workforce Canada"},"image":{"@id":"https:\/\/healthworkforce.ca\/fr\/#\/schema\/logo\/image\/"},"sameAs":["https:\/\/www.linkedin.com\/company\/health-workforce-canada\/"]}]}},"_links":{"self":[{"href":"https:\/\/healthworkforce.ca\/fr\/wp-json\/wp\/v2\/pages\/804","targetHints":{"allow":["GET"]}}],"collection":[{"href":"https:\/\/healthworkforce.ca\/fr\/wp-json\/wp\/v2\/pages"}],"about":[{"href":"https:\/\/healthworkforce.ca\/fr\/wp-json\/wp\/v2\/types\/page"}],"author":[{"embeddable":true,"href":"https:\/\/healthworkforce.ca\/fr\/wp-json\/wp\/v2\/users\/2"}],"replies":[{"embeddable":true,"href":"https:\/\/healthworkforce.ca\/fr\/wp-json\/wp\/v2\/comments?post=804"}],"version-history":[{"count":0,"href":"https:\/\/healthworkforce.ca\/fr\/wp-json\/wp\/v2\/pages\/804\/revisions"}],"up":[{"embeddable":true,"href":"https:\/\/healthworkforce.ca\/fr\/wp-json\/wp\/v2\/pages\/805"}],"wp:attachment":[{"href":"https:\/\/healthworkforce.ca\/fr\/wp-json\/wp\/v2\/media?parent=804"}],"curies":[{"name":"wp","href":"https:\/\/api.w.org\/{rel}","templated":true}]}}