{"id":2239,"date":"2025-09-10T20:02:33","date_gmt":"2025-09-10T20:02:33","guid":{"rendered":"https:\/\/healthworkforce.ca\/gouvernance-et-responsabilite\/"},"modified":"2025-09-11T00:59:04","modified_gmt":"2025-09-11T00:59:04","slug":"gouvernance-et-responsabilite","status":"publish","type":"page","link":"https:\/\/healthworkforce.ca\/fr\/gouvernance-et-responsabilite\/","title":{"rendered":"Gouvernance et responsabilit\u00e9"},"content":{"rendered":"\t\t<div data-elementor-type=\"wp-page\" data-elementor-id=\"2239\" class=\"elementor elementor-2239 elementor-2187\" data-elementor-post-type=\"page\">\n\t\t\t\t<div class=\"elementor-element elementor-element-ffc757b e-con-full e-flex e-con e-parent\" data-id=\"ffc757b\" data-element_type=\"container\" data-e-type=\"container\">\n\t\t<div class=\"elementor-element elementor-element-a5584c5 e-con-full e-flex e-con e-child\" data-id=\"a5584c5\" data-element_type=\"container\" data-e-type=\"container\">\n\t\t\t\t<div class=\"elementor-element elementor-element-5d8cd06 elementor-widget elementor-widget-text-editor\" data-id=\"5d8cd06\" data-element_type=\"widget\" data-e-type=\"widget\" data-widget_type=\"text-editor.default\">\n\t\t\t\t<div class=\"elementor-widget-container\">\n\t\t\t\t\t\t\t\t\t<p>Gouvernance et responsabilit\u00e9<\/p>\t\t\t\t\t\t\t\t<\/div>\n\t\t\t\t<\/div>\n\t\t\t\t<\/div>\n\t\t<div class=\"elementor-element elementor-element-8b8c29a e-con-full e-flex e-con e-child\" data-id=\"8b8c29a\" data-element_type=\"container\" data-e-type=\"container\">\n\t\t\t\t<div class=\"elementor-element elementor-element-c5dc334 elementor-widget elementor-widget-image\" data-id=\"c5dc334\" data-element_type=\"widget\" data-e-type=\"widget\" data-widget_type=\"image.default\">\n\t\t\t\t<div class=\"elementor-widget-container\">\n\t\t\t\t\t\t\t\t\t\t\t\t\t\t\t<img decoding=\"async\" width=\"110\" height=\"108\" src=\"https:\/\/healthworkforce.ca\/wp-content\/uploads\/2024\/11\/peach-vector-curve.svg\" class=\"attachment-large size-large wp-image-1421\" alt=\"\" \/>\t\t\t\t\t\t\t\t\t\t\t\t\t\t\t<\/div>\n\t\t\t\t<\/div>\n\t\t\t\t<\/div>\n\t\t\t\t<\/div>\n\t\t<div class=\"elementor-element elementor-element-e64564b e-flex e-con-boxed e-con e-parent\" data-id=\"e64564b\" data-element_type=\"container\" data-e-type=\"container\">\n\t\t\t\t\t<div class=\"e-con-inner\">\n\t\t\t\t<div class=\"elementor-element elementor-element-5b5a873 elementor-widget elementor-widget-text-editor\" data-id=\"5b5a873\" data-element_type=\"widget\" data-e-type=\"widget\" data-widget_type=\"text-editor.default\">\n\t\t\t\t<div class=\"elementor-widget-container\">\n\t\t\t\t\t\t\t\t\t<p>Effectif de la sant\u00e9 Canada a \u00e9t\u00e9 cr\u00e9\u00e9 en novembre 2023 pour r\u00e9unir les personnes et les groupes des secteurs de la sant\u00e9 et de l\u2019\u00e9ducation, pour renforcer les donn\u00e9es sur la main-d\u2019\u0153uvre en sant\u00e9 et la planification et pour faire en sorte que les d\u00e9cideurs disposent de donn\u00e9es probantes pour prendre des d\u00e9cisions \u00e9clair\u00e9es.<\/p><p>Nous nous engageons \u00e0 adopter des pratiques de bonne gouvernance fond\u00e9es sur la responsabilit\u00e9, le leadership, l\u2019int\u00e9grit\u00e9, l\u2019intendance et la transparence. Nous sommes soutenus par Sant\u00e9 Canada et par le partenariat des gouvernements provinciaux et territoriaux, des r\u00e9gions, des employeurs, des associations professionnelles, des chercheurs, des syndicats, des patients, des proches aidants et d\u2019autres personnes. <\/p><p>Nous nous engageons \u00e0 utiliser les ressources de mani\u00e8re responsable et \u00e0 rendre compte de nos r\u00e9sultats par rapport aux objectifs fix\u00e9s dans notre plan strat\u00e9gique.<\/p>\t\t\t\t\t\t\t\t<\/div>\n\t\t\t\t<\/div>\n\t\t\t\t\t<\/div>\n\t\t\t\t<\/div>\n\t\t<div class=\"elementor-element elementor-element-10071ab e-con-full e-flex e-con e-parent\" data-id=\"10071ab\" data-element_type=\"container\" data-e-type=\"container\">\n\t\t\t\t<div class=\"elementor-element elementor-element-6b38612 elementor-widget elementor-widget-heading\" data-id=\"6b38612\" data-element_type=\"widget\" data-e-type=\"widget\" data-widget_type=\"heading.default\">\n\t\t\t\t<div class=\"elementor-widget-container\">\n\t\t\t\t\t<h2 class=\"elementor-heading-title elementor-size-default\">2024-25<\/h2>\t\t\t\t<\/div>\n\t\t\t\t<\/div>\n\t\t\t\t<div class=\"elementor-element elementor-element-0244dd4 elementor-widget-divider--view-line elementor-widget elementor-widget-divider\" data-id=\"0244dd4\" data-element_type=\"widget\" data-e-type=\"widget\" data-widget_type=\"divider.default\">\n\t\t\t\t<div class=\"elementor-widget-container\">\n\t\t\t\t\t\t\t<div class=\"elementor-divider\">\n\t\t\t<span class=\"elementor-divider-separator\">\n\t\t\t\t\t\t<\/span>\n\t\t<\/div>\n\t\t\t\t\t\t<\/div>\n\t\t\t\t<\/div>\n\t\t\t\t<div class=\"elementor-element elementor-element-dd72faa elementor-widget elementor-widget-text-editor\" data-id=\"dd72faa\" data-element_type=\"widget\" data-e-type=\"widget\" data-widget_type=\"text-editor.default\">\n\t\t\t\t<div class=\"elementor-widget-container\">\n\t\t\t\t\t\t\t\t\t<ul><li><a href=\"https:\/\/healthworkforce.ca\/wp-content\/uploads\/2025\/09\/2025-03-31-Health-Workforce-Canada-wFS-FRE-Final.pdf\" target=\"_blank\" rel=\"noopener\">\u00c9tats financiers 2024\/25 \u2197<\/a><\/li><li><a href=\"https:\/\/healthworkforce.ca\/wp-content\/uploads\/2025\/09\/HWC2509001_ANNUAL-OTHER-REPORTING-AUGUST-2025_fr-CA-1.pdf\" target=\"_blank\" rel=\"noopener\">R\u00e9mun\u00e9ration annuelle 2024\/25 \u2197<\/a><\/li><\/ul>\t\t\t\t\t\t\t\t<\/div>\n\t\t\t\t<\/div>\n\t\t<div class=\"elementor-element elementor-element-26efa35 e-con-full e-flex e-con e-child\" data-id=\"26efa35\" data-element_type=\"container\" data-e-type=\"container\">\n\t\t\t\t<div class=\"elementor-element elementor-element-11b7c2d elementor-widget elementor-widget-heading\" data-id=\"11b7c2d\" data-element_type=\"widget\" data-e-type=\"widget\" data-widget_type=\"heading.default\">\n\t\t\t\t<div class=\"elementor-widget-container\">\n\t\t\t\t\t<h2 class=\"elementor-heading-title elementor-size-default\">2023-24<\/h2>\t\t\t\t<\/div>\n\t\t\t\t<\/div>\n\t\t\t\t<div class=\"elementor-element elementor-element-89114b7 elementor-widget-divider--view-line elementor-widget elementor-widget-divider\" data-id=\"89114b7\" data-element_type=\"widget\" data-e-type=\"widget\" data-widget_type=\"divider.default\">\n\t\t\t\t<div class=\"elementor-widget-container\">\n\t\t\t\t\t\t\t<div class=\"elementor-divider\">\n\t\t\t<span class=\"elementor-divider-separator\">\n\t\t\t\t\t\t<\/span>\n\t\t<\/div>\n\t\t\t\t\t\t<\/div>\n\t\t\t\t<\/div>\n\t\t\t\t<div class=\"elementor-element elementor-element-9c22300 elementor-widget elementor-widget-text-editor\" data-id=\"9c22300\" data-element_type=\"widget\" data-e-type=\"widget\" data-widget_type=\"text-editor.default\">\n\t\t\t\t<div class=\"elementor-widget-container\">\n\t\t\t\t\t\t\t\t\t<ul><li><a href=\"https:\/\/healthworkforce.ca\/wp-content\/uploads\/2025\/04\/2024-03-31-Health-Workforce-Canada-wFS-FRE-1.pdf\" target=\"_blank\" rel=\"noopener\">\u00c9tats financiers 2023\/24 \u2197<\/a><\/li><\/ul>\t\t\t\t\t\t\t\t<\/div>\n\t\t\t\t<\/div>\n\t\t\t\t<\/div>\n\t\t\t\t<\/div>\n\t\t\t\t<\/div>\n\t\t","protected":false},"excerpt":{"rendered":"<p>Gouvernance et responsabilit\u00e9 Effectif de la sant\u00e9 Canada a \u00e9t\u00e9 cr\u00e9\u00e9 en novembre 2023 pour r\u00e9unir les personnes et les groupes des secteurs de la sant\u00e9 et de l\u2019\u00e9ducation, pour renforcer les donn\u00e9es sur la main-d\u2019\u0153uvre en sant\u00e9 et la planification et pour faire en sorte que les d\u00e9cideurs disposent de donn\u00e9es probantes pour prendre [&hellip;]<\/p>\n","protected":false},"author":10,"featured_media":0,"parent":0,"menu_order":0,"comment_status":"closed","ping_status":"closed","template":"","meta":{"_acf_changed":false,"footnotes":""},"class_list":["post-2239","page","type-page","status-publish","hentry"],"acf":[],"yoast_head":"<!-- This site is optimized with the Yoast SEO plugin v27.2 - https:\/\/yoast.com\/product\/yoast-seo-wordpress\/ -->\n<title>Gouvernance et responsabilit\u00e9 - Health Workforce Canada<\/title>\n<meta name=\"robots\" content=\"index, follow, max-snippet:-1, max-image-preview:large, max-video-preview:-1\" \/>\n<link rel=\"canonical\" href=\"https:\/\/healthworkforce.ca\/fr\/gouvernance-et-responsabilite\/\" \/>\n<meta property=\"og:locale\" content=\"fr_FR\" \/>\n<meta property=\"og:type\" content=\"article\" \/>\n<meta property=\"og:title\" content=\"Gouvernance et responsabilit\u00e9 - Health Workforce Canada\" \/>\n<meta property=\"og:description\" content=\"Gouvernance et responsabilit\u00e9 Effectif de la sant\u00e9 Canada a \u00e9t\u00e9 cr\u00e9\u00e9 en novembre 2023 pour r\u00e9unir les personnes et les groupes des secteurs de la sant\u00e9 et de l\u2019\u00e9ducation, pour renforcer les donn\u00e9es sur la main-d\u2019\u0153uvre en sant\u00e9 et la planification et pour faire en sorte que les d\u00e9cideurs disposent de donn\u00e9es probantes pour prendre [&hellip;]\" \/>\n<meta property=\"og:url\" content=\"https:\/\/healthworkforce.ca\/fr\/gouvernance-et-responsabilite\/\" \/>\n<meta property=\"og:site_name\" content=\"Health Workforce Canada\" \/>\n<meta property=\"article:modified_time\" content=\"2025-09-11T00:59:04+00:00\" \/>\n<meta name=\"twitter:card\" content=\"summary_large_image\" \/>\n<meta name=\"twitter:label1\" content=\"Dur\u00e9e de lecture estim\u00e9e\" \/>\n\t<meta name=\"twitter:data1\" content=\"1 minute\" \/>\n<script type=\"application\/ld+json\" class=\"yoast-schema-graph\">{\"@context\":\"https:\/\/schema.org\",\"@graph\":[{\"@type\":\"WebPage\",\"@id\":\"https:\/\/healthworkforce.ca\/fr\/gouvernance-et-responsabilite\/\",\"url\":\"https:\/\/healthworkforce.ca\/fr\/gouvernance-et-responsabilite\/\",\"name\":\"Gouvernance et responsabilit\u00e9 - Health Workforce Canada\",\"isPartOf\":{\"@id\":\"https:\/\/healthworkforce.ca\/fr\/#website\"},\"primaryImageOfPage\":{\"@id\":\"https:\/\/healthworkforce.ca\/fr\/gouvernance-et-responsabilite\/#primaryimage\"},\"image\":{\"@id\":\"https:\/\/healthworkforce.ca\/fr\/gouvernance-et-responsabilite\/#primaryimage\"},\"thumbnailUrl\":\"https:\/\/healthworkforce.ca\/wp-content\/uploads\/2024\/11\/peach-vector-curve.svg\",\"datePublished\":\"2025-09-10T20:02:33+00:00\",\"dateModified\":\"2025-09-11T00:59:04+00:00\",\"breadcrumb\":{\"@id\":\"https:\/\/healthworkforce.ca\/fr\/gouvernance-et-responsabilite\/#breadcrumb\"},\"inLanguage\":\"fr-FR\",\"potentialAction\":[{\"@type\":\"ReadAction\",\"target\":[\"https:\/\/healthworkforce.ca\/fr\/gouvernance-et-responsabilite\/\"]}]},{\"@type\":\"ImageObject\",\"inLanguage\":\"fr-FR\",\"@id\":\"https:\/\/healthworkforce.ca\/fr\/gouvernance-et-responsabilite\/#primaryimage\",\"url\":\"https:\/\/healthworkforce.ca\/wp-content\/uploads\/2024\/11\/peach-vector-curve.svg\",\"contentUrl\":\"https:\/\/healthworkforce.ca\/wp-content\/uploads\/2024\/11\/peach-vector-curve.svg\"},{\"@type\":\"BreadcrumbList\",\"@id\":\"https:\/\/healthworkforce.ca\/fr\/gouvernance-et-responsabilite\/#breadcrumb\",\"itemListElement\":[]},{\"@type\":\"WebSite\",\"@id\":\"https:\/\/healthworkforce.ca\/fr\/#website\",\"url\":\"https:\/\/healthworkforce.ca\/fr\/\",\"name\":\"Health Workforce Canada\",\"description\":\"\",\"publisher\":{\"@id\":\"https:\/\/healthworkforce.ca\/fr\/#organization\"},\"potentialAction\":[{\"@type\":\"SearchAction\",\"target\":{\"@type\":\"EntryPoint\",\"urlTemplate\":\"https:\/\/healthworkforce.ca\/fr\/?s={search_term_string}\"},\"query-input\":{\"@type\":\"PropertyValueSpecification\",\"valueRequired\":true,\"valueName\":\"search_term_string\"}}],\"inLanguage\":\"fr-FR\"},{\"@type\":\"Organization\",\"@id\":\"https:\/\/healthworkforce.ca\/fr\/#organization\",\"name\":\"Health Workforce Canada\",\"url\":\"https:\/\/healthworkforce.ca\/fr\/\",\"logo\":{\"@type\":\"ImageObject\",\"inLanguage\":\"fr-FR\",\"@id\":\"https:\/\/healthworkforce.ca\/fr\/#\/schema\/logo\/image\/\",\"url\":\"https:\/\/healthworkforce.ca\/wp-content\/uploads\/2024\/06\/HWC-logo.svg\",\"contentUrl\":\"https:\/\/healthworkforce.ca\/wp-content\/uploads\/2024\/06\/HWC-logo.svg\",\"width\":1871,\"height\":344,\"caption\":\"Health Workforce Canada\"},\"image\":{\"@id\":\"https:\/\/healthworkforce.ca\/fr\/#\/schema\/logo\/image\/\"},\"sameAs\":[\"https:\/\/www.linkedin.com\/company\/health-workforce-canada\/\"]}]}<\/script>\n<!-- \/ Yoast SEO plugin. -->","yoast_head_json":{"title":"Gouvernance et responsabilit\u00e9 - Health Workforce Canada","robots":{"index":"index","follow":"follow","max-snippet":"max-snippet:-1","max-image-preview":"max-image-preview:large","max-video-preview":"max-video-preview:-1"},"canonical":"https:\/\/healthworkforce.ca\/fr\/gouvernance-et-responsabilite\/","og_locale":"fr_FR","og_type":"article","og_title":"Gouvernance et responsabilit\u00e9 - Health Workforce Canada","og_description":"Gouvernance et responsabilit\u00e9 Effectif de la sant\u00e9 Canada a \u00e9t\u00e9 cr\u00e9\u00e9 en novembre 2023 pour r\u00e9unir les personnes et les groupes des secteurs de la sant\u00e9 et de l\u2019\u00e9ducation, pour renforcer les donn\u00e9es sur la main-d\u2019\u0153uvre en sant\u00e9 et la planification et pour faire en sorte que les d\u00e9cideurs disposent de donn\u00e9es probantes pour prendre [&hellip;]","og_url":"https:\/\/healthworkforce.ca\/fr\/gouvernance-et-responsabilite\/","og_site_name":"Health Workforce Canada","article_modified_time":"2025-09-11T00:59:04+00:00","twitter_card":"summary_large_image","twitter_misc":{"Dur\u00e9e de lecture estim\u00e9e":"1 minute"},"schema":{"@context":"https:\/\/schema.org","@graph":[{"@type":"WebPage","@id":"https:\/\/healthworkforce.ca\/fr\/gouvernance-et-responsabilite\/","url":"https:\/\/healthworkforce.ca\/fr\/gouvernance-et-responsabilite\/","name":"Gouvernance et responsabilit\u00e9 - Health Workforce Canada","isPartOf":{"@id":"https:\/\/healthworkforce.ca\/fr\/#website"},"primaryImageOfPage":{"@id":"https:\/\/healthworkforce.ca\/fr\/gouvernance-et-responsabilite\/#primaryimage"},"image":{"@id":"https:\/\/healthworkforce.ca\/fr\/gouvernance-et-responsabilite\/#primaryimage"},"thumbnailUrl":"https:\/\/healthworkforce.ca\/wp-content\/uploads\/2024\/11\/peach-vector-curve.svg","datePublished":"2025-09-10T20:02:33+00:00","dateModified":"2025-09-11T00:59:04+00:00","breadcrumb":{"@id":"https:\/\/healthworkforce.ca\/fr\/gouvernance-et-responsabilite\/#breadcrumb"},"inLanguage":"fr-FR","potentialAction":[{"@type":"ReadAction","target":["https:\/\/healthworkforce.ca\/fr\/gouvernance-et-responsabilite\/"]}]},{"@type":"ImageObject","inLanguage":"fr-FR","@id":"https:\/\/healthworkforce.ca\/fr\/gouvernance-et-responsabilite\/#primaryimage","url":"https:\/\/healthworkforce.ca\/wp-content\/uploads\/2024\/11\/peach-vector-curve.svg","contentUrl":"https:\/\/healthworkforce.ca\/wp-content\/uploads\/2024\/11\/peach-vector-curve.svg"},{"@type":"BreadcrumbList","@id":"https:\/\/healthworkforce.ca\/fr\/gouvernance-et-responsabilite\/#breadcrumb","itemListElement":[]},{"@type":"WebSite","@id":"https:\/\/healthworkforce.ca\/fr\/#website","url":"https:\/\/healthworkforce.ca\/fr\/","name":"Health Workforce Canada","description":"","publisher":{"@id":"https:\/\/healthworkforce.ca\/fr\/#organization"},"potentialAction":[{"@type":"SearchAction","target":{"@type":"EntryPoint","urlTemplate":"https:\/\/healthworkforce.ca\/fr\/?s={search_term_string}"},"query-input":{"@type":"PropertyValueSpecification","valueRequired":true,"valueName":"search_term_string"}}],"inLanguage":"fr-FR"},{"@type":"Organization","@id":"https:\/\/healthworkforce.ca\/fr\/#organization","name":"Health Workforce Canada","url":"https:\/\/healthworkforce.ca\/fr\/","logo":{"@type":"ImageObject","inLanguage":"fr-FR","@id":"https:\/\/healthworkforce.ca\/fr\/#\/schema\/logo\/image\/","url":"https:\/\/healthworkforce.ca\/wp-content\/uploads\/2024\/06\/HWC-logo.svg","contentUrl":"https:\/\/healthworkforce.ca\/wp-content\/uploads\/2024\/06\/HWC-logo.svg","width":1871,"height":344,"caption":"Health Workforce Canada"},"image":{"@id":"https:\/\/healthworkforce.ca\/fr\/#\/schema\/logo\/image\/"},"sameAs":["https:\/\/www.linkedin.com\/company\/health-workforce-canada\/"]}]}},"_links":{"self":[{"href":"https:\/\/healthworkforce.ca\/fr\/wp-json\/wp\/v2\/pages\/2239","targetHints":{"allow":["GET"]}}],"collection":[{"href":"https:\/\/healthworkforce.ca\/fr\/wp-json\/wp\/v2\/pages"}],"about":[{"href":"https:\/\/healthworkforce.ca\/fr\/wp-json\/wp\/v2\/types\/page"}],"author":[{"embeddable":true,"href":"https:\/\/healthworkforce.ca\/fr\/wp-json\/wp\/v2\/users\/10"}],"replies":[{"embeddable":true,"href":"https:\/\/healthworkforce.ca\/fr\/wp-json\/wp\/v2\/comments?post=2239"}],"version-history":[{"count":0,"href":"https:\/\/healthworkforce.ca\/fr\/wp-json\/wp\/v2\/pages\/2239\/revisions"}],"wp:attachment":[{"href":"https:\/\/healthworkforce.ca\/fr\/wp-json\/wp\/v2\/media?parent=2239"}],"curies":[{"name":"wp","href":"https:\/\/api.w.org\/{rel}","templated":true}]}}