{"id":2044,"date":"2025-08-13T18:09:45","date_gmt":"2025-08-13T18:09:45","guid":{"rendered":"https:\/\/healthworkforce.ca\/?page_id=2044"},"modified":"2025-08-13T18:33:36","modified_gmt":"2025-08-13T18:33:36","slug":"cas-dutilisation-numero-trois","status":"publish","type":"page","link":"https:\/\/healthworkforce.ca\/fr\/cas-dutilisation-numero-trois\/","title":{"rendered":"Cas d&#8217;utilisation num\u00e9ro trois"},"content":{"rendered":"\t\t<div data-elementor-type=\"wp-page\" data-elementor-id=\"2044\" class=\"elementor elementor-2044 elementor-2043\" data-elementor-post-type=\"page\">\n\t\t\t\t<div class=\"elementor-element elementor-element-584757c e-flex e-con-boxed e-con e-parent\" data-id=\"584757c\" data-element_type=\"container\">\n\t\t\t\t\t<div class=\"e-con-inner\">\n\t\t<div class=\"elementor-element elementor-element-3baca27 e-con-full e-flex e-con e-child\" data-id=\"3baca27\" data-element_type=\"container\">\n\t\t\t\t<div class=\"elementor-element elementor-element-285fa726 elementor-widget elementor-widget-heading\" data-id=\"285fa726\" data-element_type=\"widget\" data-widget_type=\"heading.default\">\n\t\t\t\t<div class=\"elementor-widget-container\">\n\t\t\t\t\t<h2 class=\"elementor-heading-title elementor-size-default\">Vous souhaitez comprendre les tendances du march\u00e9 de l\u2019emploi pour les dispensatrices et dispensateurs de soins de sant\u00e9 et comment des changements de politiques pourraient les influencer?<\/h2>\t\t\t\t<\/div>\n\t\t\t\t<\/div>\n\t\t\t\t<div class=\"elementor-element elementor-element-7bd3a3d elementor-widget elementor-widget-heading\" data-id=\"7bd3a3d\" data-element_type=\"widget\" data-widget_type=\"heading.default\">\n\t\t\t\t<div class=\"elementor-widget-container\">\n\t\t\t\t\t<p class=\"elementor-heading-title elementor-size-default\">Cette \u00e9tude de cas vise \u00e0 illustrer comment les tableaux de bord d\u2019Effectif de la sant\u00e9 Canada peuvent vous aider.<\/p>\t\t\t\t<\/div>\n\t\t\t\t<\/div>\n\t\t\t\t<\/div>\n\t\t<div class=\"elementor-element elementor-element-0dccb6d e-con-full e-flex e-con e-child\" data-id=\"0dccb6d\" data-element_type=\"container\">\n\t\t<div class=\"elementor-element elementor-element-89d32f7 e-con-full e-flex e-con e-child\" data-id=\"89d32f7\" data-element_type=\"container\">\n\t\t\t\t<div class=\"elementor-element elementor-element-7a2a49c elementor-align-right elementor-widget elementor-widget-button\" data-id=\"7a2a49c\" data-element_type=\"widget\" data-widget_type=\"button.default\">\n\t\t\t\t<div class=\"elementor-widget-container\">\n\t\t\t\t\t\t\t\t\t<div class=\"elementor-button-wrapper\">\n\t\t\t\t\t<a class=\"elementor-button elementor-button-link elementor-size-sm\" href=\"https:\/\/healthworkforce.ca\/fr\/tableaux-de-bord\/donner-son-avis\/\">\n\t\t\t\t\t\t<span class=\"elementor-button-content-wrapper\">\n\t\t\t\t\t\t<span class=\"elementor-button-icon\">\n\t\t\t\t<svg aria-hidden=\"true\" class=\"e-font-icon-svg e-far-comment\" viewBox=\"0 0 512 512\" xmlns=\"http:\/\/www.w3.org\/2000\/svg\"><path d=\"M256 32C114.6 32 0 125.1 0 240c0 47.6 19.9 91.2 52.9 126.3C38 405.7 7 439.1 6.5 439.5c-6.6 7-8.4 17.2-4.6 26S14.4 480 24 480c61.5 0 110-25.7 139.1-46.3C192 442.8 223.2 448 256 448c141.4 0 256-93.1 256-208S397.4 32 256 32zm0 368c-26.7 0-53.1-4.1-78.4-12.1l-22.7-7.2-19.5 13.8c-14.3 10.1-33.9 21.4-57.5 29 7.3-12.1 14.4-25.7 19.9-40.2l10.6-28.1-20.6-21.8C69.7 314.1 48 282.2 48 240c0-88.2 93.3-160 208-160s208 71.8 208 160-93.3 160-208 160z\"><\/path><\/svg>\t\t\t<\/span>\n\t\t\t\t\t\t\t\t\t<span class=\"elementor-button-text\">Donner son avis<\/span>\n\t\t\t\t\t<\/span>\n\t\t\t\t\t<\/a>\n\t\t\t\t<\/div>\n\t\t\t\t\t\t\t\t<\/div>\n\t\t\t\t<\/div>\n\t\t\t\t<\/div>\n\t\t<div class=\"elementor-element elementor-element-5a024fb e-con-full e-flex e-con e-child\" data-id=\"5a024fb\" data-element_type=\"container\">\n\t\t\t\t<\/div>\n\t\t\t\t<\/div>\n\t\t\t\t\t<\/div>\n\t\t\t\t<\/div>\n\t\t<div class=\"elementor-element elementor-element-218d5dc e-flex e-con-boxed e-con e-parent\" data-id=\"218d5dc\" data-element_type=\"container\">\n\t\t\t\t\t<div class=\"e-con-inner\">\n\t\t\t\t<div class=\"elementor-element elementor-element-348dd7d elementor-widget-divider--view-line elementor-widget elementor-widget-divider\" data-id=\"348dd7d\" data-element_type=\"widget\" data-widget_type=\"divider.default\">\n\t\t\t\t<div class=\"elementor-widget-container\">\n\t\t\t\t\t\t\t<div class=\"elementor-divider\">\n\t\t\t<span class=\"elementor-divider-separator\">\n\t\t\t\t\t\t<\/span>\n\t\t<\/div>\n\t\t\t\t\t\t<\/div>\n\t\t\t\t<\/div>\n\t\t\t\t<div class=\"elementor-element elementor-element-1bfb303 elementor-widget elementor-widget-heading\" data-id=\"1bfb303\" data-element_type=\"widget\" data-widget_type=\"heading.default\">\n\t\t\t\t<div class=\"elementor-widget-container\">\n\t\t\t\t\t<h2 class=\"elementor-heading-title elementor-size-default\">Cas d\u2019utilisation n\u00b0 3<\/h2>\t\t\t\t<\/div>\n\t\t\t\t<\/div>\n\t\t\t\t<div class=\"elementor-element elementor-element-6fa0cc11 elementor-widget elementor-widget-text-editor\" data-id=\"6fa0cc11\" data-element_type=\"widget\" data-widget_type=\"text-editor.default\">\n\t\t\t\t<div class=\"elementor-widget-container\">\n\t\t\t\t\t\t\t\t\t<p><strong>Helena est responsable des soins infirmiers dans un grand h\u00f4pital.<\/strong><\/p><p>Sa province a investi dans l\u2019am\u00e9lioration de l\u2019acc\u00e8s aux soins primaires gr\u00e2ce \u00e0 une nouvelle politique qui comprend l\u2019\u00e9tablissement de cliniques dirig\u00e9es par des infirmi\u00e8res et infirmiers praticiens (IP). Cette strat\u00e9gie pourrait influencer la capacit\u00e9 de son \u00e9tablissement \u00e0 recruter ou \u00e0 maintenir en poste des IP et des IA (infirmi\u00e8res et infirmiers autoris\u00e9s) qui pourraient, dans le cadre de la mesure incitative pr\u00e9vue par la nouvelle politique, suivre une formation pour devenir IP. En plus d\u2019examiner les r\u00e9sultats de son sondage local sur le bien-\u00eatre, qui peuvent influencer le maintien en poste, elle souhaite \u00e9valuer les tendances en ce qui a trait \u00e0 l\u2019emploi d\u2019IP et d\u2019IA dans les h\u00f4pitaux de sa province et dans ceux des administrations voisines afin de mieux comprendre comment g\u00e9rer leurs r\u00e9percussions. <\/p><p> <\/p><p><strong>Cinq fa\u00e7ons dont les tableaux de bord d\u2019Effectif de la sant\u00e9 Canada peuvent aider Helena<\/strong><\/p><ol><li>Elle consulte le module <a href=\"https:\/\/healthworkforce.ca\/fr\/tableaux-de-bord\/policy-tracker\/\">Suivi des politiques<\/a> pour d\u00e9terminer si certaines politiques provinciales pourraient influencer le recrutement et le maintien en poste d\u2019IP et d\u2019IA, tant dans sa province que dans les administrations voisines, qui peuvent en cons\u00e9quence influer sur sa dotation en personnel hospitalier.<\/li><li>Dans le tableau de bord <a href=\"https:\/\/healthworkforce.ca\/fr\/tableaux-de-bord\/coup-doeil-sur-leffectif\/profils-des-fournisseurs\/\">Profils des fournisseurs<\/a>, Helena s\u00e9lectionne sa province et IP \u00e0 l\u2019aide des menus d\u00e9roulants, dans le haut du tableau, pour avoir une id\u00e9e de la fa\u00e7on dont la proportion de ces infirmi\u00e8res \u0153uvrant en milieu hospitalier a \u00e9volu\u00e9 au fil du temps. Elle compare les r\u00e9sultats des administrations voisines et la moyenne pancanadienne aux donn\u00e9es internes auxquelles elle a acc\u00e8s et qui sont propres \u00e0 son \u00e9tablissement ainsi qu\u2019\u00e0 d\u2019autres dans la m\u00eame r\u00e9gion sanitaire. <\/li><li>Dans le tableau de bord <a href=\"https:\/\/healthworkforce.ca\/fr\/tableaux-de-bord\/coup-doeil-sur-leffectif\/emploi\/\">Emploi<\/a>, elle suit les tendances en mati\u00e8re de postes vacants d\u00e9clar\u00e9s pour l\u2019ensemble des IP dans sa province ainsi que dans l\u2019ensemble du pays, afin d\u2019avoir une meilleure id\u00e9e de la demande pass\u00e9e et actuelle sur le march\u00e9 du travail.<\/li><li>Helena consulte le tableau de bord <a href=\"https:\/\/healthworkforce.ca\/fr\/tableaux-de-bord\/coup-doeil-sur-leffectif\/recruitment-and-retention-fr\/\">Recrutement et maintien en poste<\/a> pour conna\u00eetre le nombre d\u2019IP et d\u2019IA en fonction des diff\u00e9rentes phases de carri\u00e8re (d\u00e9but, milieu ou fin). Ainsi, elle peut commencer \u00e0 \u00e9valuer le risque \u00e9ventuel qu\u2019un plus grand nombre d\u2019IA deviennent des IP, ce qui pourrait avoir une incidence sur le bassin d\u2019IA.<\/li><li>Dans le module <a href=\"https:\/\/healthworkforce.ca\/fr\/tableaux-de-bord\/coup-doeil-sur-leffectif\/soins-de-sante-primaires\/\">Soins de sant\u00e9 primaires<\/a>, elle d\u00e9couvre le pourcentage de la population de sa province qui dispose d\u2019un dispensateur de soins r\u00e9guliers, ainsi que les types de dispensateurs les plus courants. De cette fa\u00e7on, elle a une id\u00e9e de l\u2019\u00e9cart qui pourrait \u00eatre combl\u00e9 par l\u2019\u00e9tablissement de cliniques de soins primaires dirig\u00e9es par des IP. <\/li><\/ol><p> <\/p><p><strong>Cinq choses qu\u2019Helena a apprises<\/strong><\/p><ol><li>Dans le r\u00e9sum\u00e9 du Suivi des politiques de sa province, Helena constate qu\u2019il existe seulement deux politiques visant \u00e0 recruter des IA, alors qu\u2019il y en a quatre concernant le recrutement des IP. La plupart des politiques de recrutement sont ax\u00e9es sur les infirmi\u00e8res et infirmiers form\u00e9s \u00e0 l\u2019\u00e9tranger. De plus, il n\u2019existe que deux politiques visant le maintien en poste des IP dans les administrations voisines, dont la mise en \u0153uvre de nouveaux mod\u00e8les de r\u00e9mun\u00e9ration qui pourraient inciter des IP \u00e0 y d\u00e9m\u00e9nager.  <\/li><li>Dans la province d\u2019Helena, la proportion d\u2019IP travaillant principalement en milieu hospitalier a l\u00e9g\u00e8rement diminu\u00e9 au cours des deux derni\u00e8res ann\u00e9es. En revanche, la proportion d\u2019IP travaillant dans des organismes de sant\u00e9 communautaires et dans des centres de soins infirmiers\/\u00e9tablissements de soins de longue dur\u00e9e est rest\u00e9e stable. Le nombre d\u2019IP travaillant dans d\u2019autres secteurs, quant \u00e0 lui, a augment\u00e9, ce qui lui permet de noter une tendance g\u00e9n\u00e9rale selon laquelle les IP de la r\u00e9gion d\u00e9laissent les h\u00f4pitaux au profit d\u2019autres secteurs. <\/li><li>Alors que les postes vacants pour les IP sont en augmentation, sa province a connu une croissance constante du nombre d\u2019IP \u00e0 tous les stades de leur carri\u00e8re. Helena pense donc que le recrutement et le maintien en poste sont, dans l\u2019ensemble, \u00e9lev\u00e9s dans cette profession. En outre, elle sait qu\u2019une partie de l\u2019augmentation des postes vacants peut \u00eatre attribu\u00e9e aux postes ouverts dans les nouvelles cliniques. <\/li><li>Cependant, la croissance du nombre d\u2019IA a stagn\u00e9 et il y a eu une r\u00e9duction du nombre d\u2019IA en d\u00e9but de carri\u00e8re au cours des cinq derni\u00e8res ann\u00e9es. Elle remarque aussi que, ces derni\u00e8res ann\u00e9es, les IA ont \u00e9t\u00e9 plus nombreuses \u00e0 quitter la profession qu\u2019\u00e0 y entrer. Cela correspond aux donn\u00e9es auxquelles elle a acc\u00e8s dans son propre \u00e9tablissement. Elle en d\u00e9duit que des probl\u00e8mes de maintien en poste des IA nouvellement embauch\u00e9es \u00e0 l\u2019\u00e9chelle du syst\u00e8me de sant\u00e9 pourraient \u00eatre en cause.  <\/li><li>Bien que le recrutement et le maintien en poste des IP soient \u00e9lev\u00e9s dans sa province, ces infirmi\u00e8res et infirmiers sont des dispensateurs de soins r\u00e9guliers pour moins de 2% de la population qui peut compter sur les services d\u2019un dispensateur de soins. Les m\u00e9decins de famille ou g\u00e9n\u00e9ralistes continuent d\u2019\u00eatre les principaux dispensateurs de soins r\u00e9guliers pour les personnes r\u00e9sidant dans sa province. Elle remarque qu\u2019encore 15% de la population de sa province n\u2019a pas acc\u00e8s \u00e0 un dispensateur de soins habituel.  <\/li><\/ol><p><strong> <\/strong><\/p><p><strong>Ce que feront Helena et son \u00e9quipe avec ces renseignements<\/strong><\/p><ul><li>Examiner les mesures incitatives visant le maintien en poste auxquelles recourent d\u2019autres provinces et territoires, qui pourraient r\u00e9duire le risque qu\u2019un nombre important d\u2019IP quittent leur \u00e9tablissement pour \u0153uvrer dans d\u2019autres secteurs.<\/li><li>D\u00e9terminer comment optimiser le champ de pratique des IA et des IP dans leur \u00e9tablissement et envisager d\u2019offrir des occasions de perfectionnement afin d\u2019am\u00e9liorer le maintien en poste et d\u2019att\u00e9nuer les effets des \u00e9carts sur le plan des comp\u00e9tences.<\/li><li>Veiller \u00e0 ce que des mesures ad\u00e9quates soient prises pour \u00e9viter une baisse continue du nombre d\u2019IA dans leur \u00e9tablissement, notamment en adoptant des politiques suppl\u00e9mentaires de recrutement ciblant les personnes nouvellement dipl\u00f4m\u00e9es et en utilisant les r\u00e9sultats de sondages sur le bien-\u00eatre pour \u00e9laborer des strat\u00e9gies de maintien en poste.<\/li><li>Entamer d\u2019autres recherches sur les tendances en mati\u00e8re d\u2019\u00e9ducation et de formation d\u2019IA qui se tournent vers la profession d\u2019IP, en commen\u00e7ant par consulter le Catalogue de donn\u00e9es. Ce dernier leur permettra de v\u00e9rifier comment acc\u00e9der \u00e0 des donn\u00e9es plus pr\u00e9cises sur le niveau de scolarit\u00e9 et les stades de carri\u00e8re de ces infirmi\u00e8res.<\/li><\/ul>\t\t\t\t\t\t\t\t<\/div>\n\t\t\t\t<\/div>\n\t\t\t\t<div class=\"elementor-element elementor-element-afd5fd3 elementor-widget-divider--view-line elementor-widget elementor-widget-divider\" data-id=\"afd5fd3\" data-element_type=\"widget\" data-widget_type=\"divider.default\">\n\t\t\t\t<div class=\"elementor-widget-container\">\n\t\t\t\t\t\t\t<div class=\"elementor-divider\">\n\t\t\t<span class=\"elementor-divider-separator\">\n\t\t\t\t\t\t<\/span>\n\t\t<\/div>\n\t\t\t\t\t\t<\/div>\n\t\t\t\t<\/div>\n\t\t\t\t<div class=\"elementor-element elementor-element-aa0792e elementor-widget elementor-widget-text-editor\" data-id=\"aa0792e\" data-element_type=\"widget\" data-widget_type=\"text-editor.default\">\n\t\t\t\t<div class=\"elementor-widget-container\">\n\t\t\t\t\t\t\t\t\t<h4><strong>Faites-nous part de vos r\u00e9flexions<\/strong><\/h4><p>Votre opinion compte pour nous! Ce cas d\u2019utilisation \u00e9tait-il utile?  <br>Pourquoi? Quels autres cas d\u2019utilisation aimeriez-vous voir?  <\/p><p>Faites-nous part de vos commentaires \u00e0 l\u2019adresse suivante\u202f: <a href=\"mailto:dashboard@healthworkforce.ca\">dashboard@healthworkforce.ca. <\/a> <\/p>\t\t\t\t\t\t\t\t<\/div>\n\t\t\t\t<\/div>\n\t\t\t\t\t<\/div>\n\t\t\t\t<\/div>\n\t\t\t\t<\/div>\n\t\t","protected":false},"excerpt":{"rendered":"<p>Vous souhaitez comprendre les tendances du march\u00e9 de l\u2019emploi pour les dispensatrices et dispensateurs de soins de sant\u00e9 et comment des changements de politiques pourraient les influencer? Cette \u00e9tude de cas vise \u00e0 illustrer comment les tableaux de bord d\u2019Effectif de la sant\u00e9 Canada peuvent vous aider. Donner son avis Cas d\u2019utilisation n\u00b0 3 Helena [&hellip;]<\/p>\n","protected":false},"author":10,"featured_media":0,"parent":0,"menu_order":0,"comment_status":"closed","ping_status":"closed","template":"","meta":{"_acf_changed":false,"footnotes":""},"class_list":["post-2044","page","type-page","status-publish","hentry"],"acf":[],"yoast_head":"<!-- This site is optimized with the Yoast SEO plugin v26.0 - https:\/\/yoast.com\/wordpress\/plugins\/seo\/ -->\n<title>Cas d&#039;utilisation num\u00e9ro trois - Health Workforce Canada<\/title>\n<meta name=\"robots\" content=\"index, follow, max-snippet:-1, max-image-preview:large, max-video-preview:-1\" \/>\n<link rel=\"canonical\" href=\"https:\/\/healthworkforce.ca\/fr\/cas-dutilisation-numero-trois\/\" \/>\n<meta property=\"og:locale\" content=\"fr_FR\" \/>\n<meta property=\"og:type\" content=\"article\" \/>\n<meta property=\"og:title\" content=\"Cas d&#039;utilisation num\u00e9ro trois - Health Workforce Canada\" \/>\n<meta property=\"og:description\" content=\"Vous souhaitez comprendre les tendances du march\u00e9 de l\u2019emploi pour les dispensatrices et dispensateurs de soins de sant\u00e9 et comment des changements de politiques pourraient les influencer? Cette \u00e9tude de cas vise \u00e0 illustrer comment les tableaux de bord d\u2019Effectif de la sant\u00e9 Canada peuvent vous aider. Donner son avis Cas d\u2019utilisation n\u00b0 3 Helena [&hellip;]\" \/>\n<meta property=\"og:url\" content=\"https:\/\/healthworkforce.ca\/fr\/cas-dutilisation-numero-trois\/\" \/>\n<meta property=\"og:site_name\" content=\"Health Workforce Canada\" \/>\n<meta property=\"article:modified_time\" content=\"2025-08-13T18:33:36+00:00\" \/>\n<meta name=\"twitter:card\" content=\"summary_large_image\" \/>\n<meta name=\"twitter:label1\" content=\"Dur\u00e9e de lecture estim\u00e9e\" \/>\n\t<meta name=\"twitter:data1\" content=\"4 minutes\" \/>\n<script type=\"application\/ld+json\" class=\"yoast-schema-graph\">{\"@context\":\"https:\/\/schema.org\",\"@graph\":[{\"@type\":\"WebPage\",\"@id\":\"https:\/\/healthworkforce.ca\/fr\/cas-dutilisation-numero-trois\/\",\"url\":\"https:\/\/healthworkforce.ca\/fr\/cas-dutilisation-numero-trois\/\",\"name\":\"Cas d'utilisation num\u00e9ro trois - Health Workforce Canada\",\"isPartOf\":{\"@id\":\"https:\/\/healthworkforce.ca\/fr\/#website\"},\"datePublished\":\"2025-08-13T18:09:45+00:00\",\"dateModified\":\"2025-08-13T18:33:36+00:00\",\"breadcrumb\":{\"@id\":\"https:\/\/healthworkforce.ca\/fr\/cas-dutilisation-numero-trois\/#breadcrumb\"},\"inLanguage\":\"fr-FR\",\"potentialAction\":[{\"@type\":\"ReadAction\",\"target\":[\"https:\/\/healthworkforce.ca\/fr\/cas-dutilisation-numero-trois\/\"]}]},{\"@type\":\"BreadcrumbList\",\"@id\":\"https:\/\/healthworkforce.ca\/fr\/cas-dutilisation-numero-trois\/#breadcrumb\",\"itemListElement\":[]},{\"@type\":\"WebSite\",\"@id\":\"https:\/\/healthworkforce.ca\/fr\/#website\",\"url\":\"https:\/\/healthworkforce.ca\/fr\/\",\"name\":\"Health Workforce Canada\",\"description\":\"\",\"publisher\":{\"@id\":\"https:\/\/healthworkforce.ca\/fr\/#organization\"},\"potentialAction\":[{\"@type\":\"SearchAction\",\"target\":{\"@type\":\"EntryPoint\",\"urlTemplate\":\"https:\/\/healthworkforce.ca\/fr\/?s={search_term_string}\"},\"query-input\":{\"@type\":\"PropertyValueSpecification\",\"valueRequired\":true,\"valueName\":\"search_term_string\"}}],\"inLanguage\":\"fr-FR\"},{\"@type\":\"Organization\",\"@id\":\"https:\/\/healthworkforce.ca\/fr\/#organization\",\"name\":\"Health Workforce Canada\",\"url\":\"https:\/\/healthworkforce.ca\/fr\/\",\"logo\":{\"@type\":\"ImageObject\",\"inLanguage\":\"fr-FR\",\"@id\":\"https:\/\/healthworkforce.ca\/fr\/#\/schema\/logo\/image\/\",\"url\":\"https:\/\/healthworkforce.ca\/wp-content\/uploads\/2024\/06\/HWC-logo.svg\",\"contentUrl\":\"https:\/\/healthworkforce.ca\/wp-content\/uploads\/2024\/06\/HWC-logo.svg\",\"width\":1871,\"height\":344,\"caption\":\"Health Workforce Canada\"},\"image\":{\"@id\":\"https:\/\/healthworkforce.ca\/fr\/#\/schema\/logo\/image\/\"},\"sameAs\":[\"https:\/\/www.linkedin.com\/company\/health-workforce-canada\/\"]}]}<\/script>\n<!-- \/ Yoast SEO plugin. -->","yoast_head_json":{"title":"Cas d'utilisation num\u00e9ro trois - Health Workforce Canada","robots":{"index":"index","follow":"follow","max-snippet":"max-snippet:-1","max-image-preview":"max-image-preview:large","max-video-preview":"max-video-preview:-1"},"canonical":"https:\/\/healthworkforce.ca\/fr\/cas-dutilisation-numero-trois\/","og_locale":"fr_FR","og_type":"article","og_title":"Cas d'utilisation num\u00e9ro trois - Health Workforce Canada","og_description":"Vous souhaitez comprendre les tendances du march\u00e9 de l\u2019emploi pour les dispensatrices et dispensateurs de soins de sant\u00e9 et comment des changements de politiques pourraient les influencer? Cette \u00e9tude de cas vise \u00e0 illustrer comment les tableaux de bord d\u2019Effectif de la sant\u00e9 Canada peuvent vous aider. Donner son avis Cas d\u2019utilisation n\u00b0 3 Helena [&hellip;]","og_url":"https:\/\/healthworkforce.ca\/fr\/cas-dutilisation-numero-trois\/","og_site_name":"Health Workforce Canada","article_modified_time":"2025-08-13T18:33:36+00:00","twitter_card":"summary_large_image","twitter_misc":{"Dur\u00e9e de lecture estim\u00e9e":"4 minutes"},"schema":{"@context":"https:\/\/schema.org","@graph":[{"@type":"WebPage","@id":"https:\/\/healthworkforce.ca\/fr\/cas-dutilisation-numero-trois\/","url":"https:\/\/healthworkforce.ca\/fr\/cas-dutilisation-numero-trois\/","name":"Cas d'utilisation num\u00e9ro trois - Health Workforce Canada","isPartOf":{"@id":"https:\/\/healthworkforce.ca\/fr\/#website"},"datePublished":"2025-08-13T18:09:45+00:00","dateModified":"2025-08-13T18:33:36+00:00","breadcrumb":{"@id":"https:\/\/healthworkforce.ca\/fr\/cas-dutilisation-numero-trois\/#breadcrumb"},"inLanguage":"fr-FR","potentialAction":[{"@type":"ReadAction","target":["https:\/\/healthworkforce.ca\/fr\/cas-dutilisation-numero-trois\/"]}]},{"@type":"BreadcrumbList","@id":"https:\/\/healthworkforce.ca\/fr\/cas-dutilisation-numero-trois\/#breadcrumb","itemListElement":[]},{"@type":"WebSite","@id":"https:\/\/healthworkforce.ca\/fr\/#website","url":"https:\/\/healthworkforce.ca\/fr\/","name":"Health Workforce Canada","description":"","publisher":{"@id":"https:\/\/healthworkforce.ca\/fr\/#organization"},"potentialAction":[{"@type":"SearchAction","target":{"@type":"EntryPoint","urlTemplate":"https:\/\/healthworkforce.ca\/fr\/?s={search_term_string}"},"query-input":{"@type":"PropertyValueSpecification","valueRequired":true,"valueName":"search_term_string"}}],"inLanguage":"fr-FR"},{"@type":"Organization","@id":"https:\/\/healthworkforce.ca\/fr\/#organization","name":"Health Workforce Canada","url":"https:\/\/healthworkforce.ca\/fr\/","logo":{"@type":"ImageObject","inLanguage":"fr-FR","@id":"https:\/\/healthworkforce.ca\/fr\/#\/schema\/logo\/image\/","url":"https:\/\/healthworkforce.ca\/wp-content\/uploads\/2024\/06\/HWC-logo.svg","contentUrl":"https:\/\/healthworkforce.ca\/wp-content\/uploads\/2024\/06\/HWC-logo.svg","width":1871,"height":344,"caption":"Health Workforce Canada"},"image":{"@id":"https:\/\/healthworkforce.ca\/fr\/#\/schema\/logo\/image\/"},"sameAs":["https:\/\/www.linkedin.com\/company\/health-workforce-canada\/"]}]}},"_links":{"self":[{"href":"https:\/\/healthworkforce.ca\/fr\/wp-json\/wp\/v2\/pages\/2044","targetHints":{"allow":["GET"]}}],"collection":[{"href":"https:\/\/healthworkforce.ca\/fr\/wp-json\/wp\/v2\/pages"}],"about":[{"href":"https:\/\/healthworkforce.ca\/fr\/wp-json\/wp\/v2\/types\/page"}],"author":[{"embeddable":true,"href":"https:\/\/healthworkforce.ca\/fr\/wp-json\/wp\/v2\/users\/10"}],"replies":[{"embeddable":true,"href":"https:\/\/healthworkforce.ca\/fr\/wp-json\/wp\/v2\/comments?post=2044"}],"version-history":[{"count":0,"href":"https:\/\/healthworkforce.ca\/fr\/wp-json\/wp\/v2\/pages\/2044\/revisions"}],"wp:attachment":[{"href":"https:\/\/healthworkforce.ca\/fr\/wp-json\/wp\/v2\/media?parent=2044"}],"curies":[{"name":"wp","href":"https:\/\/api.w.org\/{rel}","templated":true}]}}