{"id":1707,"date":"2025-03-31T20:01:59","date_gmt":"2025-03-31T20:01:59","guid":{"rendered":"https:\/\/healthworkforce.ca\/?page_id=1707"},"modified":"2026-04-30T18:30:26","modified_gmt":"2026-04-30T18:30:26","slug":"donner-son-avis","status":"publish","type":"page","link":"https:\/\/healthworkforce.ca\/fr\/plateforme-numerique-de-premier-acces\/donner-son-avis\/","title":{"rendered":"Plateforme Num\u00e9rique de Premier acc\u00e8s Donner son avis"},"content":{"rendered":"\t\t<div data-elementor-type=\"wp-page\" data-elementor-id=\"1707\" class=\"elementor elementor-1707 elementor-1706\" data-elementor-post-type=\"page\">\n\t\t\t\t<div class=\"elementor-element elementor-element-a371ade e-flex e-con-boxed e-con e-parent\" data-id=\"a371ade\" data-element_type=\"container\" data-e-type=\"container\">\n\t\t\t\t\t<div class=\"e-con-inner\">\n\t\t<div class=\"elementor-element elementor-element-f4d7ba1 e-con-full e-flex e-con e-child\" data-id=\"f4d7ba1\" data-element_type=\"container\" data-e-type=\"container\">\n\t\t\t\t<div class=\"elementor-element elementor-element-645ee06 elementor-icon-list--layout-traditional elementor-list-item-link-full_width elementor-widget elementor-widget-icon-list\" data-id=\"645ee06\" data-element_type=\"widget\" data-e-type=\"widget\" data-widget_type=\"icon-list.default\">\n\t\t\t\t<div class=\"elementor-widget-container\">\n\t\t\t\t\t\t\t<ul class=\"elementor-icon-list-items\">\n\t\t\t\t\t\t\t<li class=\"elementor-icon-list-item\">\n\t\t\t\t\t\t\t\t\t\t\t<a href=\"https:\/\/healthworkforce.ca\/fr\/plateforme-numerique-de-premier-acces\/\">\n\n\t\t\t\t\t\t\t\t\t\t\t\t<span class=\"elementor-icon-list-icon\">\n\t\t\t\t\t\t\t<svg aria-hidden=\"true\" class=\"e-font-icon-svg e-fas-arrow-left\" viewBox=\"0 0 448 512\" xmlns=\"http:\/\/www.w3.org\/2000\/svg\"><path d=\"M257.5 445.1l-22.2 22.2c-9.4 9.4-24.6 9.4-33.9 0L7 273c-9.4-9.4-9.4-24.6 0-33.9L201.4 44.7c9.4-9.4 24.6-9.4 33.9 0l22.2 22.2c9.5 9.5 9.3 25-.4 34.3L136.6 216H424c13.3 0 24 10.7 24 24v32c0 13.3-10.7 24-24 24H136.6l120.5 114.8c9.8 9.3 10 24.8.4 34.3z\"><\/path><\/svg>\t\t\t\t\t\t<\/span>\n\t\t\t\t\t\t\t\t\t\t<span class=\"elementor-icon-list-text\">Plateforme Num\u00e9rique de Premier acc\u00e8s <\/span>\n\t\t\t\t\t\t\t\t\t\t\t<\/a>\n\t\t\t\t\t\t\t\t\t<\/li>\n\t\t\t\t\t\t<\/ul>\n\t\t\t\t\t\t<\/div>\n\t\t\t\t<\/div>\n\t\t\t\t<\/div>\n\t\t\t\t\t<\/div>\n\t\t\t\t<\/div>\n\t\t<div class=\"elementor-element elementor-element-a27de12 e-flex e-con-boxed e-con e-parent\" data-id=\"a27de12\" data-element_type=\"container\" data-e-type=\"container\">\n\t\t\t\t\t<div class=\"e-con-inner\">\n\t\t<div class=\"elementor-element elementor-element-917ab11 e-con-full e-flex e-con e-child\" data-id=\"917ab11\" data-element_type=\"container\" data-e-type=\"container\">\n\t\t\t\t<div class=\"elementor-element elementor-element-1ee5885 elementor-widget elementor-widget-heading\" data-id=\"1ee5885\" data-element_type=\"widget\" data-e-type=\"widget\" data-widget_type=\"heading.default\">\n\t\t\t\t<div class=\"elementor-widget-container\">\n\t\t\t\t\t<h2 class=\"elementor-heading-title elementor-size-default\">Plateforme Num\u00e9rique de Premier acc\u00e8s Donner son avis<\/h2>\t\t\t\t<\/div>\n\t\t\t\t<\/div>\n\t\t\t\t<div class=\"elementor-element elementor-element-ca5d108 elementor-widget elementor-widget-text-editor\" data-id=\"ca5d108\" data-element_type=\"widget\" data-e-type=\"widget\" data-widget_type=\"text-editor.default\">\n\t\t\t\t<div class=\"elementor-widget-container\">\n\t\t\t\t\t\t\t\t\t<p>Veuillez r\u00e9pondre aux questions sur cette page pour nous fournir de la r\u00e9troaction sur Plateforme Num\u00e9rique de Premier acc\u00e8s d\u2019Effectif de la sant\u00e9 Canada.<\/p>\n\t\t\t\t\t\t\t\t<\/div>\n\t\t\t\t<\/div>\n\t\t\t\t<\/div>\n\t\t<div class=\"elementor-element elementor-element-b4e4d0c e-con-full e-flex e-con e-child\" data-id=\"b4e4d0c\" data-element_type=\"container\" data-e-type=\"container\">\n\t\t\t\t<div class=\"elementor-element elementor-element-8d47a7e elementor-widget elementor-widget-wpforms\" data-id=\"8d47a7e\" data-element_type=\"widget\" data-e-type=\"widget\" data-widget_type=\"wpforms.default\">\n\t\t\t\t<div class=\"elementor-widget-container\">\n\t\t\t\t\t<style id=\"wpforms-css-vars-elementor-widget-8d47a7e\">\n\t\t\t\t.elementor-widget-wpforms.elementor-element-8d47a7e {\n\t\t\t\t--wpforms-button-border-radius: 50px;\n--wpforms-button-background-color: #020612;\n--wpforms-field-size-input-height: 50px;\n--wpforms-field-size-input-spacing: 20px;\n--wpforms-field-size-font-size: 18px;\n--wpforms-field-size-line-height: 21px;\n--wpforms-field-size-padding-h: 14px;\n--wpforms-field-size-checkbox-size: 18px;\n--wpforms-field-size-sublabel-spacing: 10px;\n--wpforms-field-size-icon-size: 1.25;\n--wpforms-button-size-font-size: 20px;\n--wpforms-button-size-height: 48px;\n--wpforms-button-size-padding-h: 20px;\n--wpforms-button-size-margin-top: 15px;\n\n\t\t\t}\n\t\t\t<\/style><div class=\"wpforms-container wpforms-container-full wpforms-render-modern\" id=\"wpforms-1705\"><form id=\"wpforms-form-1705\" class=\"wpforms-validate wpforms-form wpforms-ajax-form\" data-formid=\"1705\" method=\"post\" enctype=\"multipart\/form-data\" action=\"\/fr\/wp-json\/wp\/v2\/pages\/1707\" data-token=\"66c44b0b5911d273e7bc27f21807c81a\" data-token-time=\"1777677945\"><noscript class=\"wpforms-error-noscript\">Veuillez activer JavaScript dans votre navigateur pour remplir ce formulaire.<\/noscript><div class=\"wpforms-hidden\" id=\"wpforms-error-noscript\">Veuillez activer JavaScript dans votre navigateur pour remplir ce formulaire.<\/div><div class=\"wpforms-field-container\"><div id=\"wpforms-1705-field_3-container\" class=\"wpforms-field wpforms-field-select wpforms-field-select-style-classic\" data-field-id=\"3\"><label class=\"wpforms-field-label\" for=\"wpforms-1705-field_3\">Type de r\u00e9troaction <span class=\"wpforms-required-label\" aria-hidden=\"true\">*<\/span><\/label><select id=\"wpforms-1705-field_3\" class=\"wpforms-field-large wpforms-field-required\" name=\"wpforms[fields][3]\" required=\"required\"><option value=\"\" class=\"placeholder\" disabled  selected='selected'>\u2013 Veuillez faire un choix \u2013<\/option><option value=\"Suggestion\" >Suggestion<\/option><option value=\"Fonctionnalit\u00e9 \" >Fonctionnalit\u00e9<\/option><option value=\"Erreur \u00e0 signaler\" >Erreur \u00e0 signaler<\/option><option value=\"Autre\" >Autre<\/option><\/select><\/div><div id=\"wpforms-1705-field_0-container\" class=\"wpforms-field wpforms-field-name\" data-field-id=\"0\"><fieldset><legend class=\"wpforms-field-label\">Nom <span class=\"wpforms-required-label\" aria-hidden=\"true\">*<\/span><\/legend><div class=\"wpforms-field-row wpforms-field-large\"><div class=\"wpforms-field-row-block wpforms-first wpforms-one-half\"><input type=\"text\" id=\"wpforms-1705-field_0\" class=\"wpforms-field-name-first wpforms-field-required\" name=\"wpforms[fields][0][first]\" aria-errormessage=\"wpforms-1705-field_0-error\" required><label for=\"wpforms-1705-field_0\" class=\"wpforms-field-sublabel after\">Pr\u00e9nom<\/label><\/div><div class=\"wpforms-field-row-block wpforms-one-half\"><input type=\"text\" id=\"wpforms-1705-field_0-last\" class=\"wpforms-field-name-last wpforms-field-required\" name=\"wpforms[fields][0][last]\" aria-errormessage=\"wpforms-1705-field_0-last-error\" required><label for=\"wpforms-1705-field_0-last\" class=\"wpforms-field-sublabel after\">Nom de famille<\/label><\/div><\/div><\/fieldset><\/div><div id=\"wpforms-1705-field_1-container\" class=\"wpforms-field wpforms-field-email\" data-field-id=\"1\"><label class=\"wpforms-field-label\" for=\"wpforms-1705-field_1\">E-mail <span class=\"wpforms-required-label\" aria-hidden=\"true\">*<\/span><\/label><input type=\"email\" id=\"wpforms-1705-field_1\" class=\"wpforms-field-large wpforms-field-required\" name=\"wpforms[fields][1]\" spellcheck=\"false\" aria-errormessage=\"wpforms-1705-field_1-error\" required><\/div><div id=\"wpforms-1705-field_2-container\" class=\"wpforms-field wpforms-field-textarea\" data-field-id=\"2\"><label class=\"wpforms-field-label\" for=\"wpforms-1705-field_2\">Donner son avis<\/label><textarea id=\"wpforms-1705-field_2\" class=\"wpforms-field-medium\" name=\"wpforms[fields][2]\" aria-errormessage=\"wpforms-1705-field_2-error\" ><\/textarea><\/div><\/div><!-- .wpforms-field-container --><div class=\"wpforms-submit-container\" ><input type=\"hidden\" name=\"wpforms[id]\" value=\"1705\"><input type=\"hidden\" name=\"page_title\" value=\"\"><input type=\"hidden\" name=\"page_url\" value=\"https:\/\/healthworkforce.ca\/fr\/wp-json\/wp\/v2\/pages\/1707\"><input type=\"hidden\" name=\"url_referer\" value=\"\"><button type=\"submit\" name=\"wpforms[submit]\" id=\"wpforms-submit-1705\" class=\"wpforms-submit\" data-alt-text=\"envoi\" data-submit-text=\"Envoyer\" aria-live=\"assertive\" value=\"wpforms-submit\">Envoyer<\/button><img decoding=\"async\" src=\"https:\/\/healthworkforce.ca\/wp-content\/plugins\/wpforms\/assets\/images\/submit-spin.svg\" class=\"wpforms-submit-spinner\" style=\"display: none;\" width=\"26\" height=\"26\" alt=\"Chargement en cours\"><\/div><\/form><\/div>  <!-- .wpforms-container -->\t\t\t\t<\/div>\n\t\t\t\t<\/div>\n\t\t\t\t<\/div>\n\t\t\t\t\t<\/div>\n\t\t\t\t<\/div>\n\t\t\t\t<\/div>\n\t\t","protected":false},"excerpt":{"rendered":"<p>Plateforme Num\u00e9rique de Premier acc\u00e8s Plateforme Num\u00e9rique de Premier acc\u00e8s Donner son avis Veuillez r\u00e9pondre aux questions sur cette page pour nous fournir de la r\u00e9troaction sur Plateforme Num\u00e9rique de Premier acc\u00e8s d\u2019Effectif de la sant\u00e9 Canada. Please enable JavaScript in your browser to complete this form.Please enable JavaScript in your browser to complete this [&hellip;]<\/p>\n","protected":false},"author":3,"featured_media":0,"parent":1663,"menu_order":0,"comment_status":"closed","ping_status":"closed","template":"","meta":{"_acf_changed":false,"footnotes":""},"class_list":["post-1707","page","type-page","status-publish","hentry"],"acf":[],"yoast_head":"<!-- This site is optimized with the Yoast SEO plugin v27.2 - https:\/\/yoast.com\/product\/yoast-seo-wordpress\/ -->\n<title>Plateforme Num\u00e9rique de Premier acc\u00e8s Donner son avis - Health Workforce Canada<\/title>\n<meta name=\"robots\" content=\"index, follow, max-snippet:-1, max-image-preview:large, max-video-preview:-1\" \/>\n<link rel=\"canonical\" href=\"https:\/\/healthworkforce.ca\/fr\/plateforme-numerique-de-premier-acces\/donner-son-avis\/\" \/>\n<meta property=\"og:locale\" content=\"fr_FR\" \/>\n<meta property=\"og:type\" content=\"article\" \/>\n<meta property=\"og:title\" content=\"Plateforme Num\u00e9rique de Premier acc\u00e8s Donner son avis - Health Workforce Canada\" \/>\n<meta property=\"og:description\" content=\"Plateforme Num\u00e9rique de Premier acc\u00e8s Plateforme Num\u00e9rique de Premier acc\u00e8s Donner son avis Veuillez r\u00e9pondre aux questions sur cette page pour nous fournir de la r\u00e9troaction sur Plateforme Num\u00e9rique de Premier acc\u00e8s d\u2019Effectif de la sant\u00e9 Canada. Please enable JavaScript in your browser to complete this form.Please enable JavaScript in your browser to complete this [&hellip;]\" \/>\n<meta property=\"og:url\" content=\"https:\/\/healthworkforce.ca\/fr\/plateforme-numerique-de-premier-acces\/donner-son-avis\/\" \/>\n<meta property=\"og:site_name\" content=\"Health Workforce Canada\" \/>\n<meta property=\"article:modified_time\" content=\"2026-04-30T18:30:26+00:00\" \/>\n<meta property=\"og:image\" content=\"https:\/\/healthworkforce.ca\/wp-content\/plugins\/wpforms\/assets\/images\/submit-spin.svg\" \/>\n<meta name=\"twitter:card\" content=\"summary_large_image\" \/>\n<meta name=\"twitter:label1\" content=\"Dur\u00e9e de lecture estim\u00e9e\" \/>\n\t<meta name=\"twitter:data1\" content=\"1 minute\" \/>\n<script type=\"application\/ld+json\" class=\"yoast-schema-graph\">{\"@context\":\"https:\/\/schema.org\",\"@graph\":[{\"@type\":\"WebPage\",\"@id\":\"https:\/\/healthworkforce.ca\/fr\/plateforme-numerique-de-premier-acces\/donner-son-avis\/\",\"url\":\"https:\/\/healthworkforce.ca\/fr\/plateforme-numerique-de-premier-acces\/donner-son-avis\/\",\"name\":\"Plateforme Num\u00e9rique de Premier acc\u00e8s Donner son avis - Health Workforce Canada\",\"isPartOf\":{\"@id\":\"https:\/\/healthworkforce.ca\/fr\/#website\"},\"primaryImageOfPage\":{\"@id\":\"https:\/\/healthworkforce.ca\/fr\/plateforme-numerique-de-premier-acces\/donner-son-avis\/#primaryimage\"},\"image\":{\"@id\":\"https:\/\/healthworkforce.ca\/fr\/plateforme-numerique-de-premier-acces\/donner-son-avis\/#primaryimage\"},\"thumbnailUrl\":\"https:\/\/healthworkforce.ca\/wp-content\/plugins\/wpforms\/assets\/images\/submit-spin.svg\",\"datePublished\":\"2025-03-31T20:01:59+00:00\",\"dateModified\":\"2026-04-30T18:30:26+00:00\",\"inLanguage\":\"fr-FR\",\"potentialAction\":[{\"@type\":\"ReadAction\",\"target\":[\"https:\/\/healthworkforce.ca\/fr\/plateforme-numerique-de-premier-acces\/donner-son-avis\/\"]}]},{\"@type\":\"ImageObject\",\"inLanguage\":\"fr-FR\",\"@id\":\"https:\/\/healthworkforce.ca\/fr\/plateforme-numerique-de-premier-acces\/donner-son-avis\/#primaryimage\",\"url\":\"https:\/\/healthworkforce.ca\/wp-content\/plugins\/wpforms\/assets\/images\/submit-spin.svg\",\"contentUrl\":\"https:\/\/healthworkforce.ca\/wp-content\/plugins\/wpforms\/assets\/images\/submit-spin.svg\"},{\"@type\":\"WebSite\",\"@id\":\"https:\/\/healthworkforce.ca\/fr\/#website\",\"url\":\"https:\/\/healthworkforce.ca\/fr\/\",\"name\":\"Health Workforce Canada\",\"description\":\"\",\"publisher\":{\"@id\":\"https:\/\/healthworkforce.ca\/fr\/#organization\"},\"potentialAction\":[{\"@type\":\"SearchAction\",\"target\":{\"@type\":\"EntryPoint\",\"urlTemplate\":\"https:\/\/healthworkforce.ca\/fr\/?s={search_term_string}\"},\"query-input\":{\"@type\":\"PropertyValueSpecification\",\"valueRequired\":true,\"valueName\":\"search_term_string\"}}],\"inLanguage\":\"fr-FR\"},{\"@type\":\"Organization\",\"@id\":\"https:\/\/healthworkforce.ca\/fr\/#organization\",\"name\":\"Health Workforce Canada\",\"alternateName\":\"HWC\",\"url\":\"https:\/\/healthworkforce.ca\/fr\/\",\"logo\":{\"@type\":\"ImageObject\",\"inLanguage\":\"fr-FR\",\"@id\":\"https:\/\/healthworkforce.ca\/fr\/#\/schema\/logo\/image\/\",\"url\":\"https:\/\/healthworkforce.ca\/wp-content\/uploads\/2024\/06\/HWC-logo.svg\",\"contentUrl\":\"https:\/\/healthworkforce.ca\/wp-content\/uploads\/2024\/06\/HWC-logo.svg\",\"width\":1871,\"height\":344,\"caption\":\"Health Workforce Canada\"},\"image\":{\"@id\":\"https:\/\/healthworkforce.ca\/fr\/#\/schema\/logo\/image\/\"},\"sameAs\":[\"https:\/\/www.linkedin.com\/company\/health-workforce-canada\/\"]}]}<\/script>\n<!-- \/ Yoast SEO plugin. -->","yoast_head_json":{"title":"Plateforme Num\u00e9rique de Premier acc\u00e8s Donner son avis - Health Workforce Canada","robots":{"index":"index","follow":"follow","max-snippet":"max-snippet:-1","max-image-preview":"max-image-preview:large","max-video-preview":"max-video-preview:-1"},"canonical":"https:\/\/healthworkforce.ca\/fr\/plateforme-numerique-de-premier-acces\/donner-son-avis\/","og_locale":"fr_FR","og_type":"article","og_title":"Plateforme Num\u00e9rique de Premier acc\u00e8s Donner son avis - Health Workforce Canada","og_description":"Plateforme Num\u00e9rique de Premier acc\u00e8s Plateforme Num\u00e9rique de Premier acc\u00e8s Donner son avis Veuillez r\u00e9pondre aux questions sur cette page pour nous fournir de la r\u00e9troaction sur Plateforme Num\u00e9rique de Premier acc\u00e8s d\u2019Effectif de la sant\u00e9 Canada. Please enable JavaScript in your browser to complete this form.Please enable JavaScript in your browser to complete this [&hellip;]","og_url":"https:\/\/healthworkforce.ca\/fr\/plateforme-numerique-de-premier-acces\/donner-son-avis\/","og_site_name":"Health Workforce Canada","article_modified_time":"2026-04-30T18:30:26+00:00","og_image":[{"url":"https:\/\/healthworkforce.ca\/wp-content\/plugins\/wpforms\/assets\/images\/submit-spin.svg","type":"","width":"","height":""}],"twitter_card":"summary_large_image","twitter_misc":{"Dur\u00e9e de lecture estim\u00e9e":"1 minute"},"schema":{"@context":"https:\/\/schema.org","@graph":[{"@type":"WebPage","@id":"https:\/\/healthworkforce.ca\/fr\/plateforme-numerique-de-premier-acces\/donner-son-avis\/","url":"https:\/\/healthworkforce.ca\/fr\/plateforme-numerique-de-premier-acces\/donner-son-avis\/","name":"Plateforme Num\u00e9rique de Premier acc\u00e8s Donner son avis - Health Workforce Canada","isPartOf":{"@id":"https:\/\/healthworkforce.ca\/fr\/#website"},"primaryImageOfPage":{"@id":"https:\/\/healthworkforce.ca\/fr\/plateforme-numerique-de-premier-acces\/donner-son-avis\/#primaryimage"},"image":{"@id":"https:\/\/healthworkforce.ca\/fr\/plateforme-numerique-de-premier-acces\/donner-son-avis\/#primaryimage"},"thumbnailUrl":"https:\/\/healthworkforce.ca\/wp-content\/plugins\/wpforms\/assets\/images\/submit-spin.svg","datePublished":"2025-03-31T20:01:59+00:00","dateModified":"2026-04-30T18:30:26+00:00","inLanguage":"fr-FR","potentialAction":[{"@type":"ReadAction","target":["https:\/\/healthworkforce.ca\/fr\/plateforme-numerique-de-premier-acces\/donner-son-avis\/"]}]},{"@type":"ImageObject","inLanguage":"fr-FR","@id":"https:\/\/healthworkforce.ca\/fr\/plateforme-numerique-de-premier-acces\/donner-son-avis\/#primaryimage","url":"https:\/\/healthworkforce.ca\/wp-content\/plugins\/wpforms\/assets\/images\/submit-spin.svg","contentUrl":"https:\/\/healthworkforce.ca\/wp-content\/plugins\/wpforms\/assets\/images\/submit-spin.svg"},{"@type":"WebSite","@id":"https:\/\/healthworkforce.ca\/fr\/#website","url":"https:\/\/healthworkforce.ca\/fr\/","name":"Health Workforce Canada","description":"","publisher":{"@id":"https:\/\/healthworkforce.ca\/fr\/#organization"},"potentialAction":[{"@type":"SearchAction","target":{"@type":"EntryPoint","urlTemplate":"https:\/\/healthworkforce.ca\/fr\/?s={search_term_string}"},"query-input":{"@type":"PropertyValueSpecification","valueRequired":true,"valueName":"search_term_string"}}],"inLanguage":"fr-FR"},{"@type":"Organization","@id":"https:\/\/healthworkforce.ca\/fr\/#organization","name":"Health Workforce Canada","alternateName":"HWC","url":"https:\/\/healthworkforce.ca\/fr\/","logo":{"@type":"ImageObject","inLanguage":"fr-FR","@id":"https:\/\/healthworkforce.ca\/fr\/#\/schema\/logo\/image\/","url":"https:\/\/healthworkforce.ca\/wp-content\/uploads\/2024\/06\/HWC-logo.svg","contentUrl":"https:\/\/healthworkforce.ca\/wp-content\/uploads\/2024\/06\/HWC-logo.svg","width":1871,"height":344,"caption":"Health Workforce Canada"},"image":{"@id":"https:\/\/healthworkforce.ca\/fr\/#\/schema\/logo\/image\/"},"sameAs":["https:\/\/www.linkedin.com\/company\/health-workforce-canada\/"]}]}},"_links":{"self":[{"href":"https:\/\/healthworkforce.ca\/fr\/wp-json\/wp\/v2\/pages\/1707","targetHints":{"allow":["GET"]}}],"collection":[{"href":"https:\/\/healthworkforce.ca\/fr\/wp-json\/wp\/v2\/pages"}],"about":[{"href":"https:\/\/healthworkforce.ca\/fr\/wp-json\/wp\/v2\/types\/page"}],"author":[{"embeddable":true,"href":"https:\/\/healthworkforce.ca\/fr\/wp-json\/wp\/v2\/users\/3"}],"replies":[{"embeddable":true,"href":"https:\/\/healthworkforce.ca\/fr\/wp-json\/wp\/v2\/comments?post=1707"}],"version-history":[{"count":0,"href":"https:\/\/healthworkforce.ca\/fr\/wp-json\/wp\/v2\/pages\/1707\/revisions"}],"up":[{"embeddable":true,"href":"https:\/\/healthworkforce.ca\/fr\/wp-json\/wp\/v2\/pages\/1663"}],"wp:attachment":[{"href":"https:\/\/healthworkforce.ca\/fr\/wp-json\/wp\/v2\/media?parent=1707"}],"curies":[{"name":"wp","href":"https:\/\/api.w.org\/{rel}","templated":true}]}}