{"id":1643,"date":"2025-03-26T22:27:41","date_gmt":"2025-03-26T22:27:41","guid":{"rendered":"https:\/\/healthworkforce.ca\/?page_id=1643"},"modified":"2026-01-23T18:32:51","modified_gmt":"2026-01-23T18:32:51","slug":"soins-de-sante-primaires","status":"publish","type":"page","link":"https:\/\/healthworkforce.ca\/fr\/tableaux-de-bord\/coup-doeil-sur-leffectif\/soins-de-sante-primaires\/","title":{"rendered":"Soins de sant\u00e9 primaires"},"content":{"rendered":"\t\t<div data-elementor-type=\"wp-page\" data-elementor-id=\"1643\" class=\"elementor elementor-1643 elementor-1641\" data-elementor-post-type=\"page\">\n\t\t\t\t<div class=\"elementor-element elementor-element-282116f e-flex e-con-boxed e-con e-parent\" data-id=\"282116f\" data-element_type=\"container\">\n\t\t\t\t\t<div class=\"e-con-inner\">\n\t\t<div class=\"elementor-element elementor-element-6bc61ec e-con-full e-flex e-con e-child\" data-id=\"6bc61ec\" data-element_type=\"container\">\n\t\t\t\t<div class=\"elementor-element elementor-element-f7630f6 elementor-icon-list--layout-traditional elementor-list-item-link-full_width elementor-widget elementor-widget-icon-list\" data-id=\"f7630f6\" data-element_type=\"widget\" data-widget_type=\"icon-list.default\">\n\t\t\t\t<div class=\"elementor-widget-container\">\n\t\t\t\t\t\t\t<ul class=\"elementor-icon-list-items\">\n\t\t\t\t\t\t\t<li class=\"elementor-icon-list-item\">\n\t\t\t\t\t\t\t\t\t\t\t<a href=\"https:\/\/healthworkforce.ca\/fr\/tableaux-de-bord\/coup-doeil-sur-leffectif\/\">\n\n\t\t\t\t\t\t\t\t\t\t\t\t<span class=\"elementor-icon-list-icon\">\n\t\t\t\t\t\t\t<svg aria-hidden=\"true\" class=\"e-font-icon-svg e-fas-arrow-left\" viewBox=\"0 0 448 512\" xmlns=\"http:\/\/www.w3.org\/2000\/svg\"><path d=\"M257.5 445.1l-22.2 22.2c-9.4 9.4-24.6 9.4-33.9 0L7 273c-9.4-9.4-9.4-24.6 0-33.9L201.4 44.7c9.4-9.4 24.6-9.4 33.9 0l22.2 22.2c9.5 9.5 9.3 25-.4 34.3L136.6 216H424c13.3 0 24 10.7 24 24v32c0 13.3-10.7 24-24 24H136.6l120.5 114.8c9.8 9.3 10 24.8.4 34.3z\"><\/path><\/svg>\t\t\t\t\t\t<\/span>\n\t\t\t\t\t\t\t\t\t\t<span class=\"elementor-icon-list-text\">Coup d\u2019\u0153il sur l\u2019effectif<\/span>\n\t\t\t\t\t\t\t\t\t\t\t<\/a>\n\t\t\t\t\t\t\t\t\t<\/li>\n\t\t\t\t\t\t<\/ul>\n\t\t\t\t\t\t<\/div>\n\t\t\t\t<\/div>\n\t\t\t\t<\/div>\n\t\t\t\t\t<\/div>\n\t\t\t\t<\/div>\n\t\t<div class=\"elementor-element elementor-element-34bf708 e-flex e-con-boxed e-con e-parent\" data-id=\"34bf708\" data-element_type=\"container\">\n\t\t\t\t\t<div class=\"e-con-inner\">\n\t\t<div class=\"elementor-element elementor-element-251abd0 e-con-full e-flex e-con e-child\" data-id=\"251abd0\" data-element_type=\"container\">\n\t\t\t\t<div class=\"elementor-element elementor-element-9dd3b31 elementor-widget elementor-widget-heading\" data-id=\"9dd3b31\" data-element_type=\"widget\" data-widget_type=\"heading.default\">\n\t\t\t\t<div class=\"elementor-widget-container\">\n\t\t\t\t\t<h2 class=\"elementor-heading-title elementor-size-default\">Soins de sant\u00e9 primaires<\/h2>\t\t\t\t<\/div>\n\t\t\t\t<\/div>\n\t\t\t\t<\/div>\n\t\t<div class=\"elementor-element elementor-element-e1774eb e-con-full elementor-hidden-tablet elementor-hidden-mobile e-flex e-con e-child\" data-id=\"e1774eb\" data-element_type=\"container\">\n\t\t\t\t<div class=\"elementor-element elementor-element-17ddb0d elementor-align-right elementor-widget elementor-widget-button\" data-id=\"17ddb0d\" data-element_type=\"widget\" data-widget_type=\"button.default\">\n\t\t\t\t<div class=\"elementor-widget-container\">\n\t\t\t\t\t\t\t\t\t<div class=\"elementor-button-wrapper\">\n\t\t\t\t\t<a class=\"elementor-button elementor-button-link elementor-size-sm\" href=\"https:\/\/healthworkforce.ca\/fr\/tableaux-de-bord\/donner-son-avis\/\">\n\t\t\t\t\t\t<span class=\"elementor-button-content-wrapper\">\n\t\t\t\t\t\t<span class=\"elementor-button-icon\">\n\t\t\t\t<svg aria-hidden=\"true\" class=\"e-font-icon-svg e-far-comment\" viewBox=\"0 0 512 512\" xmlns=\"http:\/\/www.w3.org\/2000\/svg\"><path d=\"M256 32C114.6 32 0 125.1 0 240c0 47.6 19.9 91.2 52.9 126.3C38 405.7 7 439.1 6.5 439.5c-6.6 7-8.4 17.2-4.6 26S14.4 480 24 480c61.5 0 110-25.7 139.1-46.3C192 442.8 223.2 448 256 448c141.4 0 256-93.1 256-208S397.4 32 256 32zm0 368c-26.7 0-53.1-4.1-78.4-12.1l-22.7-7.2-19.5 13.8c-14.3 10.1-33.9 21.4-57.5 29 7.3-12.1 14.4-25.7 19.9-40.2l10.6-28.1-20.6-21.8C69.7 314.1 48 282.2 48 240c0-88.2 93.3-160 208-160s208 71.8 208 160-93.3 160-208 160z\"><\/path><\/svg>\t\t\t<\/span>\n\t\t\t\t\t\t\t\t\t<span class=\"elementor-button-text\">Donner son avis<\/span>\n\t\t\t\t\t<\/span>\n\t\t\t\t\t<\/a>\n\t\t\t\t<\/div>\n\t\t\t\t\t\t\t\t<\/div>\n\t\t\t\t<\/div>\n\t\t\t\t<\/div>\n\t\t\t\t\t<\/div>\n\t\t\t\t<\/div>\n\t\t<div class=\"elementor-element elementor-element-e7dca5f e-flex e-con-boxed e-con e-parent\" data-id=\"e7dca5f\" data-element_type=\"container\">\n\t\t\t\t\t<div class=\"e-con-inner\">\n\t\t<div class=\"elementor-element elementor-element-c95cc01 e-con-full e-flex e-con e-child\" data-id=\"c95cc01\" data-element_type=\"container\">\n\t\t\t\t<div class=\"elementor-element elementor-element-568130f elementor-widget elementor-widget-text-editor\" data-id=\"568130f\" data-element_type=\"widget\" data-widget_type=\"text-editor.default\">\n\t\t\t\t<div class=\"elementor-widget-container\">\n\t\t\t\t\t\t\t\t\t<p>L\u2019Organisation mondiale de la sant\u00e9 d\u00e9finit les soins de sant\u00e9 primaires comme une approche soci\u00e9tale permettant aux syst\u00e8mes de sant\u00e9 de r\u00e9pondre aux besoins de sant\u00e9 d\u2019une personne de mani\u00e8re inclusive et \u00e9conomique. Cette approche tient compte des liens entre les services de sant\u00e9 int\u00e9gr\u00e9s, les d\u00e9terminants sociaux de la sant\u00e9 et l\u2019autonomisation des individus et des communaut\u00e9s<sup>1<\/sup>.<\/p><p>Au Canada, les professionnels de la sant\u00e9, notamment les m\u00e9decins de famille, les infirmi\u00e8res et infirmiers praticiens, les dentistes, les ergoth\u00e9rapeutes, les psychologues, les optom\u00e9tristes et bien d\u2019autres encore, fournissent des services de soins de sant\u00e9 primaires dans diff\u00e9rents contextes afin de r\u00e9pondre aux divers besoins de notre population croissante.<\/p><p>Les visualisations interactives de ce sous-module rassemblent des donn\u00e9es provenant de sources multiples pour commencer \u00e0 raconter l\u2019histoire du personnel des soins de sant\u00e9 primaires et des populations qu\u2019il sert.<\/p><p>Vous avez des questions ou cherchez \u00e0 vous renseigner sur la fa\u00e7on d\u2019utiliser ces tableaux de bord? Veuillez visiter la\u00a0<a href=\"https:\/\/healthworkforce.ca\/fr\/questions-frequentes\/\" target=\"_blank\" rel=\"noopener\">FAQ\u00a0<\/a>ou lancer le tutoriel du module\u00a0<a style=\"font-family: var( --e-global-typography-primary-font-family ), Sans-serif; font-size: var( --e-global-typography-primary-font-size ); font-weight: var( --e-global-typography-primary-font-weight ); text-align: var(--text-align); background-color: #ffffff;\" href=\"\/fr\/tableaux-de-bord\/coup-doeil-sur-leffectif\/profils-des-fournisseurs\/\" target=\"_blank\" rel=\"noopener\">Profils des fournisseurs.<\/a><\/p><p><em>Pour un fonctionnement optimal, nous recommandons d\u2019utiliser cette plateforme sur un navigateur Web plut\u00f4t que sur un appareil mobile.<\/em><\/p>\t\t\t\t\t\t\t\t<\/div>\n\t\t\t\t<\/div>\n\t\t\t\t<\/div>\n\t\t<div class=\"elementor-element elementor-element-f1949ed e-con-full e-flex e-con e-child\" data-id=\"f1949ed\" data-element_type=\"container\">\n\t\t\t\t<\/div>\n\t\t\t\t\t<\/div>\n\t\t\t\t<\/div>\n\t\t<div class=\"elementor-element elementor-element-b40b1d5 e-flex e-con-boxed e-con e-parent\" data-id=\"b40b1d5\" data-element_type=\"container\">\n\t\t\t\t\t<div class=\"e-con-inner\">\n\t\t<div class=\"elementor-element elementor-element-3f31a44 e-flex e-con-boxed e-con e-child\" data-id=\"3f31a44\" data-element_type=\"container\">\n\t\t\t\t\t<div class=\"e-con-inner\">\n\t\t\t\t<div class=\"elementor-element elementor-element-1afa632 elementor-widget elementor-widget-html\" data-id=\"1afa632\" data-element_type=\"widget\" data-widget_type=\"html.default\">\n\t\t\t\t<div class=\"elementor-widget-container\">\n\t\t\t\t\t<div id=\"quicksight-container\"><\/div>\n<script src=\"https:\/\/unpkg.com\/amazon-quicksight-embedding-sdk@2.7.0\/dist\/quicksight-embedding-js-sdk.min.js\"><\/script>\n<script type=\"text\/javascript\">\n    const embedDashboard = async(dashboardId) => {\n        const {\n            createEmbeddingContext,\n        } = QuickSightEmbedding;\n \n        const embeddingContext = await createEmbeddingContext();\n \n        const frameOptions = {\n            url: dashboardId,\n            container: '#quicksight-container',\n            width: \"990px\",\n            height: \"1610px\",\n            resizeHeightOnSizeChangedEvent: true,\n        };\n \n        const contentOptions = {\n            parameters: [\n                {\n                    Name: 'Language',\n                    Values: [\n                        'fr'\n                    ],\n                }\n            ],\n            locale: \"fr-FR\",\n            toolbarOptions: {\n                export: true,\n                undoRedo: true,\n                reset: true\n            },\n        };\n        const embeddedDashboardExperience = await embeddingContext.embedDashboard(frameOptions, contentOptions);\n    };\n    \n    window.onload = function() {\n        \/\/ var dashboardId = '59e81d03-0113-4d1e-a877-1d0b081041c1'; \/\/ replace with your desired dashboard ID\n        \/\/ var dashboardId = 'bf6b506d-ace8-442b-8d03-919ecc748bab';\n        var dashboardId = 'c1372d9d-546c-4f7f-918d-b309193c54f0'; \/\/ updated on sep-04\n        var randomParam = Math.floor(Math.random() * 1000000000); \/\/ generate a random number\n        var url = '\/wp-content\/plugins\/quicksight\/dashboard_url_prod.php?dashboard_id=' + dashboardId + '&random=' + randomParam;\n \n        fetch(url)\n        .then(response => response.json())\n        .then(data => {\n          var embedUrl = data.embedUrl;\n          console.log(embedUrl);\n          embedDashboard(embedUrl);\n        })\n        .catch(error => console.error('Error fetching dashboardId:', dashboardId, error));\n    };\n<\/script>\t\t\t\t<\/div>\n\t\t\t\t<\/div>\n\t\t\t\t<div class=\"elementor-element elementor-element-2f10721 elementor-widget elementor-widget-heading\" data-id=\"2f10721\" data-element_type=\"widget\" data-widget_type=\"heading.default\">\n\t\t\t\t<div class=\"elementor-widget-container\">\n\t\t\t\t\t<p class=\"elementor-heading-title elementor-size-default\"><a href=\"https:\/\/www.who.int\/health-topics\/primary-health-care#tab=tab_1\"><br><br>1. Organisation mondiale de la sant\u00e9. Soins de sant\u00e9 primaires. Consult\u00e9 le 21\u202fjanvier\u202f2025.  <\/a><\/p>\t\t\t\t<\/div>\n\t\t\t\t<\/div>\n\t\t\t\t\t<\/div>\n\t\t\t\t<\/div>\n\t\t\t\t\t<\/div>\n\t\t\t\t<\/div>\n\t\t\t\t<\/div>\n\t\t","protected":false},"excerpt":{"rendered":"<p>Coup d\u2019\u0153il sur l\u2019effectif Soins de sant\u00e9 primaires Donner son avis L\u2019Organisation mondiale de la sant\u00e9 d\u00e9finit les soins de sant\u00e9 primaires comme une approche soci\u00e9tale permettant aux syst\u00e8mes de sant\u00e9 de r\u00e9pondre aux besoins de sant\u00e9 d\u2019une personne de mani\u00e8re inclusive et \u00e9conomique. Cette approche tient compte des liens entre les services de sant\u00e9 [&hellip;]<\/p>\n","protected":false},"author":3,"featured_media":0,"parent":805,"menu_order":0,"comment_status":"closed","ping_status":"closed","template":"","meta":{"_acf_changed":false,"footnotes":""},"class_list":["post-1643","page","type-page","status-publish","hentry"],"acf":[],"yoast_head":"<!-- This site is optimized with the Yoast SEO plugin v26.0 - https:\/\/yoast.com\/wordpress\/plugins\/seo\/ -->\n<title>Soins de sant\u00e9 primaires - Health Workforce Canada<\/title>\n<meta name=\"robots\" content=\"index, follow, max-snippet:-1, max-image-preview:large, max-video-preview:-1\" \/>\n<link rel=\"canonical\" href=\"https:\/\/healthworkforce.ca\/fr\/tableaux-de-bord\/coup-doeil-sur-leffectif\/soins-de-sante-primaires\/\" \/>\n<meta property=\"og:locale\" content=\"fr_FR\" \/>\n<meta property=\"og:type\" content=\"article\" \/>\n<meta property=\"og:title\" content=\"Soins de sant\u00e9 primaires - Health Workforce Canada\" \/>\n<meta property=\"og:description\" content=\"Coup d\u2019\u0153il sur l\u2019effectif Soins de sant\u00e9 primaires Donner son avis L\u2019Organisation mondiale de la sant\u00e9 d\u00e9finit les soins de sant\u00e9 primaires comme une approche soci\u00e9tale permettant aux syst\u00e8mes de sant\u00e9 de r\u00e9pondre aux besoins de sant\u00e9 d\u2019une personne de mani\u00e8re inclusive et \u00e9conomique. Cette approche tient compte des liens entre les services de sant\u00e9 [&hellip;]\" \/>\n<meta property=\"og:url\" content=\"https:\/\/healthworkforce.ca\/fr\/tableaux-de-bord\/coup-doeil-sur-leffectif\/soins-de-sante-primaires\/\" \/>\n<meta property=\"og:site_name\" content=\"Health Workforce Canada\" \/>\n<meta property=\"article:modified_time\" content=\"2026-01-23T18:32:51+00:00\" \/>\n<meta name=\"twitter:card\" content=\"summary_large_image\" \/>\n<meta name=\"twitter:label1\" content=\"Dur\u00e9e de lecture estim\u00e9e\" \/>\n\t<meta name=\"twitter:data1\" content=\"2 minutes\" \/>\n<script type=\"application\/ld+json\" class=\"yoast-schema-graph\">{\"@context\":\"https:\/\/schema.org\",\"@graph\":[{\"@type\":\"WebPage\",\"@id\":\"https:\/\/healthworkforce.ca\/fr\/tableaux-de-bord\/coup-doeil-sur-leffectif\/soins-de-sante-primaires\/\",\"url\":\"https:\/\/healthworkforce.ca\/fr\/tableaux-de-bord\/coup-doeil-sur-leffectif\/soins-de-sante-primaires\/\",\"name\":\"Soins de sant\u00e9 primaires - Health Workforce Canada\",\"isPartOf\":{\"@id\":\"https:\/\/healthworkforce.ca\/fr\/#website\"},\"datePublished\":\"2025-03-26T22:27:41+00:00\",\"dateModified\":\"2026-01-23T18:32:51+00:00\",\"breadcrumb\":{\"@id\":\"https:\/\/healthworkforce.ca\/fr\/tableaux-de-bord\/coup-doeil-sur-leffectif\/soins-de-sante-primaires\/#breadcrumb\"},\"inLanguage\":\"fr-FR\",\"potentialAction\":[{\"@type\":\"ReadAction\",\"target\":[\"https:\/\/healthworkforce.ca\/fr\/tableaux-de-bord\/coup-doeil-sur-leffectif\/soins-de-sante-primaires\/\"]}]},{\"@type\":\"BreadcrumbList\",\"@id\":\"https:\/\/healthworkforce.ca\/fr\/tableaux-de-bord\/coup-doeil-sur-leffectif\/soins-de-sante-primaires\/#breadcrumb\",\"itemListElement\":[{\"@type\":\"ListItem\",\"position\":1,\"name\":\"Coup d\u2019\u0153il sur l\u2019effectif\",\"item\":\"https:\/\/healthworkforce.ca\/fr\/dashboards\/workforce-in-view\/\"},{\"@type\":\"ListItem\",\"position\":2,\"name\":\"Soins de sant\u00e9 primaires\"}]},{\"@type\":\"WebSite\",\"@id\":\"https:\/\/healthworkforce.ca\/fr\/#website\",\"url\":\"https:\/\/healthworkforce.ca\/fr\/\",\"name\":\"Health Workforce Canada\",\"description\":\"\",\"publisher\":{\"@id\":\"https:\/\/healthworkforce.ca\/fr\/#organization\"},\"potentialAction\":[{\"@type\":\"SearchAction\",\"target\":{\"@type\":\"EntryPoint\",\"urlTemplate\":\"https:\/\/healthworkforce.ca\/fr\/?s={search_term_string}\"},\"query-input\":{\"@type\":\"PropertyValueSpecification\",\"valueRequired\":true,\"valueName\":\"search_term_string\"}}],\"inLanguage\":\"fr-FR\"},{\"@type\":\"Organization\",\"@id\":\"https:\/\/healthworkforce.ca\/fr\/#organization\",\"name\":\"Health Workforce Canada\",\"url\":\"https:\/\/healthworkforce.ca\/fr\/\",\"logo\":{\"@type\":\"ImageObject\",\"inLanguage\":\"fr-FR\",\"@id\":\"https:\/\/healthworkforce.ca\/fr\/#\/schema\/logo\/image\/\",\"url\":\"https:\/\/healthworkforce.ca\/wp-content\/uploads\/2024\/06\/HWC-logo.svg\",\"contentUrl\":\"https:\/\/healthworkforce.ca\/wp-content\/uploads\/2024\/06\/HWC-logo.svg\",\"width\":1871,\"height\":344,\"caption\":\"Health Workforce Canada\"},\"image\":{\"@id\":\"https:\/\/healthworkforce.ca\/fr\/#\/schema\/logo\/image\/\"},\"sameAs\":[\"https:\/\/www.linkedin.com\/company\/health-workforce-canada\/\"]}]}<\/script>\n<!-- \/ Yoast SEO plugin. -->","yoast_head_json":{"title":"Soins de sant\u00e9 primaires - Health Workforce Canada","robots":{"index":"index","follow":"follow","max-snippet":"max-snippet:-1","max-image-preview":"max-image-preview:large","max-video-preview":"max-video-preview:-1"},"canonical":"https:\/\/healthworkforce.ca\/fr\/tableaux-de-bord\/coup-doeil-sur-leffectif\/soins-de-sante-primaires\/","og_locale":"fr_FR","og_type":"article","og_title":"Soins de sant\u00e9 primaires - Health Workforce Canada","og_description":"Coup d\u2019\u0153il sur l\u2019effectif Soins de sant\u00e9 primaires Donner son avis L\u2019Organisation mondiale de la sant\u00e9 d\u00e9finit les soins de sant\u00e9 primaires comme une approche soci\u00e9tale permettant aux syst\u00e8mes de sant\u00e9 de r\u00e9pondre aux besoins de sant\u00e9 d\u2019une personne de mani\u00e8re inclusive et \u00e9conomique. Cette approche tient compte des liens entre les services de sant\u00e9 [&hellip;]","og_url":"https:\/\/healthworkforce.ca\/fr\/tableaux-de-bord\/coup-doeil-sur-leffectif\/soins-de-sante-primaires\/","og_site_name":"Health Workforce Canada","article_modified_time":"2026-01-23T18:32:51+00:00","twitter_card":"summary_large_image","twitter_misc":{"Dur\u00e9e de lecture estim\u00e9e":"2 minutes"},"schema":{"@context":"https:\/\/schema.org","@graph":[{"@type":"WebPage","@id":"https:\/\/healthworkforce.ca\/fr\/tableaux-de-bord\/coup-doeil-sur-leffectif\/soins-de-sante-primaires\/","url":"https:\/\/healthworkforce.ca\/fr\/tableaux-de-bord\/coup-doeil-sur-leffectif\/soins-de-sante-primaires\/","name":"Soins de sant\u00e9 primaires - Health Workforce Canada","isPartOf":{"@id":"https:\/\/healthworkforce.ca\/fr\/#website"},"datePublished":"2025-03-26T22:27:41+00:00","dateModified":"2026-01-23T18:32:51+00:00","breadcrumb":{"@id":"https:\/\/healthworkforce.ca\/fr\/tableaux-de-bord\/coup-doeil-sur-leffectif\/soins-de-sante-primaires\/#breadcrumb"},"inLanguage":"fr-FR","potentialAction":[{"@type":"ReadAction","target":["https:\/\/healthworkforce.ca\/fr\/tableaux-de-bord\/coup-doeil-sur-leffectif\/soins-de-sante-primaires\/"]}]},{"@type":"BreadcrumbList","@id":"https:\/\/healthworkforce.ca\/fr\/tableaux-de-bord\/coup-doeil-sur-leffectif\/soins-de-sante-primaires\/#breadcrumb","itemListElement":[{"@type":"ListItem","position":1,"name":"Coup d\u2019\u0153il sur l\u2019effectif","item":"https:\/\/healthworkforce.ca\/fr\/dashboards\/workforce-in-view\/"},{"@type":"ListItem","position":2,"name":"Soins de sant\u00e9 primaires"}]},{"@type":"WebSite","@id":"https:\/\/healthworkforce.ca\/fr\/#website","url":"https:\/\/healthworkforce.ca\/fr\/","name":"Health Workforce Canada","description":"","publisher":{"@id":"https:\/\/healthworkforce.ca\/fr\/#organization"},"potentialAction":[{"@type":"SearchAction","target":{"@type":"EntryPoint","urlTemplate":"https:\/\/healthworkforce.ca\/fr\/?s={search_term_string}"},"query-input":{"@type":"PropertyValueSpecification","valueRequired":true,"valueName":"search_term_string"}}],"inLanguage":"fr-FR"},{"@type":"Organization","@id":"https:\/\/healthworkforce.ca\/fr\/#organization","name":"Health Workforce Canada","url":"https:\/\/healthworkforce.ca\/fr\/","logo":{"@type":"ImageObject","inLanguage":"fr-FR","@id":"https:\/\/healthworkforce.ca\/fr\/#\/schema\/logo\/image\/","url":"https:\/\/healthworkforce.ca\/wp-content\/uploads\/2024\/06\/HWC-logo.svg","contentUrl":"https:\/\/healthworkforce.ca\/wp-content\/uploads\/2024\/06\/HWC-logo.svg","width":1871,"height":344,"caption":"Health Workforce Canada"},"image":{"@id":"https:\/\/healthworkforce.ca\/fr\/#\/schema\/logo\/image\/"},"sameAs":["https:\/\/www.linkedin.com\/company\/health-workforce-canada\/"]}]}},"_links":{"self":[{"href":"https:\/\/healthworkforce.ca\/fr\/wp-json\/wp\/v2\/pages\/1643","targetHints":{"allow":["GET"]}}],"collection":[{"href":"https:\/\/healthworkforce.ca\/fr\/wp-json\/wp\/v2\/pages"}],"about":[{"href":"https:\/\/healthworkforce.ca\/fr\/wp-json\/wp\/v2\/types\/page"}],"author":[{"embeddable":true,"href":"https:\/\/healthworkforce.ca\/fr\/wp-json\/wp\/v2\/users\/3"}],"replies":[{"embeddable":true,"href":"https:\/\/healthworkforce.ca\/fr\/wp-json\/wp\/v2\/comments?post=1643"}],"version-history":[{"count":0,"href":"https:\/\/healthworkforce.ca\/fr\/wp-json\/wp\/v2\/pages\/1643\/revisions"}],"up":[{"embeddable":true,"href":"https:\/\/healthworkforce.ca\/fr\/wp-json\/wp\/v2\/pages\/805"}],"wp:attachment":[{"href":"https:\/\/healthworkforce.ca\/fr\/wp-json\/wp\/v2\/media?parent=1643"}],"curies":[{"name":"wp","href":"https:\/\/api.w.org\/{rel}","templated":true}]}}