{"id":1397,"date":"2024-11-14T21:08:00","date_gmt":"2024-11-14T21:08:00","guid":{"rendered":"https:\/\/healthworkforce.ca\/webinaire-special-soutenir-les-proches-aidants\/"},"modified":"2025-12-12T19:18:37","modified_gmt":"2025-12-12T19:18:37","slug":"webinaire-special-soutenir-les-proches-aidants","status":"publish","type":"page","link":"https:\/\/healthworkforce.ca\/fr\/webinaire-special-soutenir-les-proches-aidants\/","title":{"rendered":"Webinaire sp\u00e9cial\u202f: Soutenir les proches aidants"},"content":{"rendered":"\t\t<div data-elementor-type=\"wp-page\" data-elementor-id=\"1397\" class=\"elementor elementor-1397 elementor-1395\" data-elementor-post-type=\"page\">\n\t\t\t\t<div class=\"elementor-element elementor-element-4eb8d52 e-con-full e-flex e-con e-parent\" data-id=\"4eb8d52\" data-element_type=\"container\" data-e-type=\"container\" data-settings=\"{&quot;background_background&quot;:&quot;classic&quot;}\">\n\t\t\t\t<div class=\"elementor-element elementor-element-e22ee03 elementor-widget elementor-widget-image\" data-id=\"e22ee03\" data-element_type=\"widget\" data-e-type=\"widget\" data-widget_type=\"image.default\">\n\t\t\t\t<div class=\"elementor-widget-container\">\n\t\t\t\t\t\t\t\t\t\t\t\t\t\t\t<img fetchpriority=\"high\" decoding=\"async\" width=\"1200\" height=\"628\" src=\"https:\/\/healthworkforce.ca\/wp-content\/uploads\/2024\/11\/HWC-11685-Virtualpop-up-Supportingfamilycaregivers_LinkedIn_French_FA.jpg\" class=\"attachment-full size-full wp-image-1394\" alt=\"\" srcset=\"https:\/\/healthworkforce.ca\/wp-content\/uploads\/2024\/11\/HWC-11685-Virtualpop-up-Supportingfamilycaregivers_LinkedIn_French_FA.jpg 1200w, https:\/\/healthworkforce.ca\/wp-content\/uploads\/2024\/11\/HWC-11685-Virtualpop-up-Supportingfamilycaregivers_LinkedIn_French_FA-300x157.jpg 300w, https:\/\/healthworkforce.ca\/wp-content\/uploads\/2024\/11\/HWC-11685-Virtualpop-up-Supportingfamilycaregivers_LinkedIn_French_FA-1024x536.jpg 1024w, https:\/\/healthworkforce.ca\/wp-content\/uploads\/2024\/11\/HWC-11685-Virtualpop-up-Supportingfamilycaregivers_LinkedIn_French_FA-768x402.jpg 768w\" sizes=\"(max-width: 1200px) 100vw, 1200px\" \/>\t\t\t\t\t\t\t\t\t\t\t\t\t\t\t<\/div>\n\t\t\t\t<\/div>\n\t\t\t\t<\/div>\n\t\t<div class=\"elementor-element elementor-element-79cd86a e-flex e-con-boxed e-con e-parent\" data-id=\"79cd86a\" data-element_type=\"container\" data-e-type=\"container\" data-settings=\"{&quot;background_background&quot;:&quot;classic&quot;}\">\n\t\t\t\t\t<div class=\"e-con-inner\">\n\t\t<div class=\"elementor-element elementor-element-fdd75a9 e-con-full e-flex e-con e-child\" data-id=\"fdd75a9\" data-element_type=\"container\" data-e-type=\"container\">\n\t\t\t\t<\/div>\n\t\t<div class=\"elementor-element elementor-element-2cba815 e-con-full e-flex e-con e-child\" data-id=\"2cba815\" data-element_type=\"container\" data-e-type=\"container\">\n\t\t\t\t<div class=\"elementor-element elementor-element-4718012 elementor-widget elementor-widget-text-editor\" data-id=\"4718012\" data-element_type=\"widget\" data-e-type=\"widget\" data-widget_type=\"text-editor.default\">\n\t\t\t\t<div class=\"elementor-widget-container\">\n\t\t\t\t\t\t\t\t\t<h1>Webinaire sp\u00e9cial\u202f: Soutenir les proches aidants<\/h1>\n\t\t\t\t\t\t\t\t<\/div>\n\t\t\t\t<\/div>\n\t\t\t\t<\/div>\n\t\t<div class=\"elementor-element elementor-element-825bf7d e-con-full e-flex e-con e-child\" data-id=\"825bf7d\" data-element_type=\"container\" data-e-type=\"container\">\n\t\t\t\t<\/div>\n\t\t\t\t\t<\/div>\n\t\t\t\t<\/div>\n\t\t<div class=\"elementor-element elementor-element-cf0e503 e-flex e-con-boxed e-con e-parent\" data-id=\"cf0e503\" data-element_type=\"container\" data-e-type=\"container\" data-settings=\"{&quot;background_background&quot;:&quot;classic&quot;}\">\n\t\t\t\t\t<div class=\"e-con-inner\">\n\t\t<div class=\"elementor-element elementor-element-09df932 e-con-full e-flex e-con e-child\" data-id=\"09df932\" data-element_type=\"container\" data-e-type=\"container\">\n\t\t\t\t<\/div>\n\t\t<div class=\"elementor-element elementor-element-431e4f0 e-con-full e-flex e-con e-child\" data-id=\"431e4f0\" data-element_type=\"container\" data-e-type=\"container\">\n\t\t\t\t<div class=\"elementor-element elementor-element-ae3d03c elementor-widget elementor-widget-text-editor\" data-id=\"ae3d03c\" data-element_type=\"widget\" data-e-type=\"widget\" data-widget_type=\"text-editor.default\">\n\t\t\t\t<div class=\"elementor-widget-container\">\n\t\t\t\t\t\t\t\t\t<p style=\"text-align: left;\">Lors de son colloque inaugural, Effectif de la sant\u00e9 Canada a appris qu\u2019il \u00e9tait essentiel de mettre l\u2019accent sur le r\u00f4le essentiel que jouent les proches aidants dans notre syst\u00e8me de soins de sant\u00e9. Les proches aidants forment un groupe souvent m\u00e9connu et sous-estim\u00e9, mais essentiel au sein de la main-d\u2019\u0153uvre en sant\u00e9 au Canada.<\/p>\n<p style=\"text-align: left;\">Pour attirer l\u2019attention sur cet important groupe d\u2019intervenants, Effectif de la sant\u00e9 Canada est heureux de s\u2019associer \u00e0 Caregiver-Centered Care, du d\u00e9partement de m\u00e9decine familiale de l\u2019Universit\u00e9 de l\u2019Alberta, et \u00e0 Alberta Health Services dans le cadre d\u2019un webinaire sp\u00e9cial qui aura lieu le mardi\u202f3\u202fd\u00e9cembre de 13\u202fh \u00e0 14\u202fh HNE (de 10\u202fh \u00e0 11\u202fh HNP).<\/p>\n<p style=\"text-align: left;\">Lors de la s\u00e9ance, il y sera question de l\u2019importance de soutenir les proches aidants et le r\u00f4le pr\u00e9cieux qu\u2019ils jouent au sein de la main-d\u2019\u0153uvre en sant\u00e9 au Canada Nous examinerons les travaux concrets que mettent en \u0153uvre Caregiver-Centered Care, le d\u00e9partement de m\u00e9decine familiale de l\u2019Universit\u00e9 de l\u2019Alberta et Alberta Health Services. La question des donn\u00e9es et des preuves actuelles sera \u00e9galement abord\u00e9e, de m\u00eame que des pistes de solutions et des recommandations que les participants pourront rapporter sur leur lieu de travail et dans leur r\u00e9gion, afin de b\u00e2tir un meilleur syst\u00e8me de soutien pour les proches aidants.<\/p>\n<p style=\"text-align: left;\">Le webinaire est ouvert \u00e0 tous, plus particuli\u00e8rement aux parties prenantes qui cherchent des solutions pour soutenir les proches aidants.<\/p>\n<p style=\"text-align: left;\">Nous vous invitons \u00e0 vous inscrire sans tarder. Si vous ne pouvez plus participer, veuillez nous en informer en \u00e9crivant \u00e0 kharrell@healthworkforce.ca.<\/p>\t\t\t\t\t\t\t\t<\/div>\n\t\t\t\t<\/div>\n\t\t\t\t<div class=\"elementor-element elementor-element-126bd1f elementor-align-center elementor-widget elementor-widget-button\" data-id=\"126bd1f\" data-element_type=\"widget\" data-e-type=\"widget\" data-widget_type=\"button.default\">\n\t\t\t\t<div class=\"elementor-widget-container\">\n\t\t\t\t\t\t\t\t\t<div class=\"elementor-button-wrapper\">\n\t\t\t\t\t<a class=\"elementor-button elementor-button-link elementor-size-sm elementor-animation-grow\" href=\"https:\/\/events.teams.microsoft.com\/event\/292d2650-ab17-4557-8353-103b438e17ba@f29499b6-2b37-4c09-b96d-03df8410ec77\" target=\"_blank\">\n\t\t\t\t\t\t<span class=\"elementor-button-content-wrapper\">\n\t\t\t\t\t\t\t\t\t<span class=\"elementor-button-text\">inscrivez-vous<\/span>\n\t\t\t\t\t<\/span>\n\t\t\t\t\t<\/a>\n\t\t\t\t<\/div>\n\t\t\t\t\t\t\t\t<\/div>\n\t\t\t\t<\/div>\n\t\t\t\t<\/div>\n\t\t<div class=\"elementor-element elementor-element-3073a11 e-con-full e-flex e-con e-child\" data-id=\"3073a11\" data-element_type=\"container\" data-e-type=\"container\">\n\t\t\t\t<\/div>\n\t\t\t\t\t<\/div>\n\t\t\t\t<\/div>\n\t\t\t\t<\/div>\n\t\t","protected":false},"excerpt":{"rendered":"<p>Webinaire sp\u00e9cial\u202f: Soutenir les proches aidants Lors de son colloque inaugural, Effectif de la sant\u00e9 Canada a appris qu\u2019il \u00e9tait essentiel de mettre l\u2019accent sur le r\u00f4le essentiel que jouent les proches aidants dans notre syst\u00e8me de soins de sant\u00e9. Les proches aidants forment un groupe souvent m\u00e9connu et sous-estim\u00e9, mais essentiel au sein de [&hellip;]<\/p>\n","protected":false},"author":12,"featured_media":0,"parent":0,"menu_order":0,"comment_status":"closed","ping_status":"closed","template":"","meta":{"_acf_changed":false,"footnotes":""},"class_list":["post-1397","page","type-page","status-publish","hentry"],"acf":[],"yoast_head":"<!-- This site is optimized with the Yoast SEO plugin v27.2 - https:\/\/yoast.com\/product\/yoast-seo-wordpress\/ -->\n<title>Webinaire sp\u00e9cial\u202f: Soutenir les proches aidants - Health Workforce Canada<\/title>\n<meta name=\"robots\" content=\"index, follow, max-snippet:-1, max-image-preview:large, max-video-preview:-1\" \/>\n<link rel=\"canonical\" href=\"https:\/\/healthworkforce.ca\/fr\/webinaire-special-soutenir-les-proches-aidants\/\" \/>\n<meta property=\"og:locale\" content=\"fr_FR\" \/>\n<meta property=\"og:type\" content=\"article\" \/>\n<meta property=\"og:title\" content=\"Webinaire sp\u00e9cial\u202f: Soutenir les proches aidants - Health Workforce Canada\" \/>\n<meta property=\"og:description\" content=\"Webinaire sp\u00e9cial\u202f: Soutenir les proches aidants Lors de son colloque inaugural, Effectif de la sant\u00e9 Canada a appris qu\u2019il \u00e9tait essentiel de mettre l\u2019accent sur le r\u00f4le essentiel que jouent les proches aidants dans notre syst\u00e8me de soins de sant\u00e9. Les proches aidants forment un groupe souvent m\u00e9connu et sous-estim\u00e9, mais essentiel au sein de [&hellip;]\" \/>\n<meta property=\"og:url\" content=\"https:\/\/healthworkforce.ca\/fr\/webinaire-special-soutenir-les-proches-aidants\/\" \/>\n<meta property=\"og:site_name\" content=\"Health Workforce Canada\" \/>\n<meta property=\"article:modified_time\" content=\"2025-12-12T19:18:37+00:00\" \/>\n<meta property=\"og:image\" content=\"https:\/\/healthworkforce.ca\/wp-content\/uploads\/2024\/11\/HWC-11685-Virtualpop-up-Supportingfamilycaregivers_LinkedIn_French_FA.jpg\" \/>\n\t<meta property=\"og:image:width\" content=\"1200\" \/>\n\t<meta property=\"og:image:height\" content=\"628\" \/>\n\t<meta property=\"og:image:type\" content=\"image\/jpeg\" \/>\n<meta name=\"twitter:card\" content=\"summary_large_image\" \/>\n<meta name=\"twitter:label1\" content=\"Dur\u00e9e de lecture estim\u00e9e\" \/>\n\t<meta name=\"twitter:data1\" content=\"2 minutes\" \/>\n<script type=\"application\/ld+json\" class=\"yoast-schema-graph\">{\"@context\":\"https:\/\/schema.org\",\"@graph\":[{\"@type\":\"WebPage\",\"@id\":\"https:\/\/healthworkforce.ca\/fr\/webinaire-special-soutenir-les-proches-aidants\/\",\"url\":\"https:\/\/healthworkforce.ca\/fr\/webinaire-special-soutenir-les-proches-aidants\/\",\"name\":\"Webinaire sp\u00e9cial\u202f: Soutenir les proches aidants - Health Workforce Canada\",\"isPartOf\":{\"@id\":\"https:\/\/healthworkforce.ca\/fr\/#website\"},\"primaryImageOfPage\":{\"@id\":\"https:\/\/healthworkforce.ca\/fr\/webinaire-special-soutenir-les-proches-aidants\/#primaryimage\"},\"image\":{\"@id\":\"https:\/\/healthworkforce.ca\/fr\/webinaire-special-soutenir-les-proches-aidants\/#primaryimage\"},\"thumbnailUrl\":\"https:\/\/healthworkforce.ca\/wp-content\/uploads\/2024\/11\/HWC-11685-Virtualpop-up-Supportingfamilycaregivers_LinkedIn_French_FA.jpg\",\"datePublished\":\"2024-11-14T21:08:00+00:00\",\"dateModified\":\"2025-12-12T19:18:37+00:00\",\"breadcrumb\":{\"@id\":\"https:\/\/healthworkforce.ca\/fr\/webinaire-special-soutenir-les-proches-aidants\/#breadcrumb\"},\"inLanguage\":\"fr-FR\",\"potentialAction\":[{\"@type\":\"ReadAction\",\"target\":[\"https:\/\/healthworkforce.ca\/fr\/webinaire-special-soutenir-les-proches-aidants\/\"]}]},{\"@type\":\"ImageObject\",\"inLanguage\":\"fr-FR\",\"@id\":\"https:\/\/healthworkforce.ca\/fr\/webinaire-special-soutenir-les-proches-aidants\/#primaryimage\",\"url\":\"https:\/\/healthworkforce.ca\/wp-content\/uploads\/2024\/11\/HWC-11685-Virtualpop-up-Supportingfamilycaregivers_LinkedIn_French_FA.jpg\",\"contentUrl\":\"https:\/\/healthworkforce.ca\/wp-content\/uploads\/2024\/11\/HWC-11685-Virtualpop-up-Supportingfamilycaregivers_LinkedIn_French_FA.jpg\"},{\"@type\":\"BreadcrumbList\",\"@id\":\"https:\/\/healthworkforce.ca\/fr\/webinaire-special-soutenir-les-proches-aidants\/#breadcrumb\",\"itemListElement\":[]},{\"@type\":\"WebSite\",\"@id\":\"https:\/\/healthworkforce.ca\/fr\/#website\",\"url\":\"https:\/\/healthworkforce.ca\/fr\/\",\"name\":\"Health Workforce Canada\",\"description\":\"\",\"publisher\":{\"@id\":\"https:\/\/healthworkforce.ca\/fr\/#organization\"},\"potentialAction\":[{\"@type\":\"SearchAction\",\"target\":{\"@type\":\"EntryPoint\",\"urlTemplate\":\"https:\/\/healthworkforce.ca\/fr\/?s={search_term_string}\"},\"query-input\":{\"@type\":\"PropertyValueSpecification\",\"valueRequired\":true,\"valueName\":\"search_term_string\"}}],\"inLanguage\":\"fr-FR\"},{\"@type\":\"Organization\",\"@id\":\"https:\/\/healthworkforce.ca\/fr\/#organization\",\"name\":\"Health Workforce Canada\",\"alternateName\":\"HWC\",\"url\":\"https:\/\/healthworkforce.ca\/fr\/\",\"logo\":{\"@type\":\"ImageObject\",\"inLanguage\":\"fr-FR\",\"@id\":\"https:\/\/healthworkforce.ca\/fr\/#\/schema\/logo\/image\/\",\"url\":\"https:\/\/healthworkforce.ca\/wp-content\/uploads\/2024\/06\/HWC-logo.svg\",\"contentUrl\":\"https:\/\/healthworkforce.ca\/wp-content\/uploads\/2024\/06\/HWC-logo.svg\",\"width\":1871,\"height\":344,\"caption\":\"Health Workforce Canada\"},\"image\":{\"@id\":\"https:\/\/healthworkforce.ca\/fr\/#\/schema\/logo\/image\/\"},\"sameAs\":[\"https:\/\/www.linkedin.com\/company\/health-workforce-canada\/\"]}]}<\/script>\n<!-- \/ Yoast SEO plugin. -->","yoast_head_json":{"title":"Webinaire sp\u00e9cial\u202f: Soutenir les proches aidants - Health Workforce Canada","robots":{"index":"index","follow":"follow","max-snippet":"max-snippet:-1","max-image-preview":"max-image-preview:large","max-video-preview":"max-video-preview:-1"},"canonical":"https:\/\/healthworkforce.ca\/fr\/webinaire-special-soutenir-les-proches-aidants\/","og_locale":"fr_FR","og_type":"article","og_title":"Webinaire sp\u00e9cial\u202f: Soutenir les proches aidants - Health Workforce Canada","og_description":"Webinaire sp\u00e9cial\u202f: Soutenir les proches aidants Lors de son colloque inaugural, Effectif de la sant\u00e9 Canada a appris qu\u2019il \u00e9tait essentiel de mettre l\u2019accent sur le r\u00f4le essentiel que jouent les proches aidants dans notre syst\u00e8me de soins de sant\u00e9. Les proches aidants forment un groupe souvent m\u00e9connu et sous-estim\u00e9, mais essentiel au sein de [&hellip;]","og_url":"https:\/\/healthworkforce.ca\/fr\/webinaire-special-soutenir-les-proches-aidants\/","og_site_name":"Health Workforce Canada","article_modified_time":"2025-12-12T19:18:37+00:00","og_image":[{"width":1200,"height":628,"url":"https:\/\/healthworkforce.ca\/wp-content\/uploads\/2024\/11\/HWC-11685-Virtualpop-up-Supportingfamilycaregivers_LinkedIn_French_FA.jpg","type":"image\/jpeg"}],"twitter_card":"summary_large_image","twitter_misc":{"Dur\u00e9e de lecture estim\u00e9e":"2 minutes"},"schema":{"@context":"https:\/\/schema.org","@graph":[{"@type":"WebPage","@id":"https:\/\/healthworkforce.ca\/fr\/webinaire-special-soutenir-les-proches-aidants\/","url":"https:\/\/healthworkforce.ca\/fr\/webinaire-special-soutenir-les-proches-aidants\/","name":"Webinaire sp\u00e9cial\u202f: Soutenir les proches aidants - Health Workforce Canada","isPartOf":{"@id":"https:\/\/healthworkforce.ca\/fr\/#website"},"primaryImageOfPage":{"@id":"https:\/\/healthworkforce.ca\/fr\/webinaire-special-soutenir-les-proches-aidants\/#primaryimage"},"image":{"@id":"https:\/\/healthworkforce.ca\/fr\/webinaire-special-soutenir-les-proches-aidants\/#primaryimage"},"thumbnailUrl":"https:\/\/healthworkforce.ca\/wp-content\/uploads\/2024\/11\/HWC-11685-Virtualpop-up-Supportingfamilycaregivers_LinkedIn_French_FA.jpg","datePublished":"2024-11-14T21:08:00+00:00","dateModified":"2025-12-12T19:18:37+00:00","breadcrumb":{"@id":"https:\/\/healthworkforce.ca\/fr\/webinaire-special-soutenir-les-proches-aidants\/#breadcrumb"},"inLanguage":"fr-FR","potentialAction":[{"@type":"ReadAction","target":["https:\/\/healthworkforce.ca\/fr\/webinaire-special-soutenir-les-proches-aidants\/"]}]},{"@type":"ImageObject","inLanguage":"fr-FR","@id":"https:\/\/healthworkforce.ca\/fr\/webinaire-special-soutenir-les-proches-aidants\/#primaryimage","url":"https:\/\/healthworkforce.ca\/wp-content\/uploads\/2024\/11\/HWC-11685-Virtualpop-up-Supportingfamilycaregivers_LinkedIn_French_FA.jpg","contentUrl":"https:\/\/healthworkforce.ca\/wp-content\/uploads\/2024\/11\/HWC-11685-Virtualpop-up-Supportingfamilycaregivers_LinkedIn_French_FA.jpg"},{"@type":"BreadcrumbList","@id":"https:\/\/healthworkforce.ca\/fr\/webinaire-special-soutenir-les-proches-aidants\/#breadcrumb","itemListElement":[]},{"@type":"WebSite","@id":"https:\/\/healthworkforce.ca\/fr\/#website","url":"https:\/\/healthworkforce.ca\/fr\/","name":"Health Workforce Canada","description":"","publisher":{"@id":"https:\/\/healthworkforce.ca\/fr\/#organization"},"potentialAction":[{"@type":"SearchAction","target":{"@type":"EntryPoint","urlTemplate":"https:\/\/healthworkforce.ca\/fr\/?s={search_term_string}"},"query-input":{"@type":"PropertyValueSpecification","valueRequired":true,"valueName":"search_term_string"}}],"inLanguage":"fr-FR"},{"@type":"Organization","@id":"https:\/\/healthworkforce.ca\/fr\/#organization","name":"Health Workforce Canada","alternateName":"HWC","url":"https:\/\/healthworkforce.ca\/fr\/","logo":{"@type":"ImageObject","inLanguage":"fr-FR","@id":"https:\/\/healthworkforce.ca\/fr\/#\/schema\/logo\/image\/","url":"https:\/\/healthworkforce.ca\/wp-content\/uploads\/2024\/06\/HWC-logo.svg","contentUrl":"https:\/\/healthworkforce.ca\/wp-content\/uploads\/2024\/06\/HWC-logo.svg","width":1871,"height":344,"caption":"Health Workforce Canada"},"image":{"@id":"https:\/\/healthworkforce.ca\/fr\/#\/schema\/logo\/image\/"},"sameAs":["https:\/\/www.linkedin.com\/company\/health-workforce-canada\/"]}]}},"_links":{"self":[{"href":"https:\/\/healthworkforce.ca\/fr\/wp-json\/wp\/v2\/pages\/1397","targetHints":{"allow":["GET"]}}],"collection":[{"href":"https:\/\/healthworkforce.ca\/fr\/wp-json\/wp\/v2\/pages"}],"about":[{"href":"https:\/\/healthworkforce.ca\/fr\/wp-json\/wp\/v2\/types\/page"}],"author":[{"embeddable":true,"href":"https:\/\/healthworkforce.ca\/fr\/wp-json\/wp\/v2\/users\/12"}],"replies":[{"embeddable":true,"href":"https:\/\/healthworkforce.ca\/fr\/wp-json\/wp\/v2\/comments?post=1397"}],"version-history":[{"count":0,"href":"https:\/\/healthworkforce.ca\/fr\/wp-json\/wp\/v2\/pages\/1397\/revisions"}],"wp:attachment":[{"href":"https:\/\/healthworkforce.ca\/fr\/wp-json\/wp\/v2\/media?parent=1397"}],"curies":[{"name":"wp","href":"https:\/\/api.w.org\/{rel}","templated":true}]}}